{"id":1018,"date":"2019-04-23T21:27:14","date_gmt":"2019-04-23T19:27:14","guid":{"rendered":"https:\/\/campanariodesanxoan.com\/?page_id=1018"},"modified":"2020-11-10T11:07:25","modified_gmt":"2020-11-10T10:07:25","slug":"agnus-dei-2","status":"publish","type":"page","link":"https:\/\/campanariodesanxoan.com\/index.php\/gl\/agnus-dei-2\/","title":{"rendered":"Agnus dei"},"content":{"rendered":"<div id='full_slider_1'  class='avia-fullwidth-slider main_color avia-shadow   avia-builder-el-0  el_before_av_section  avia-builder-el-first   container_wrap fullsize'  ><div  class='avia-slideshow av-juu6n4p2-32ea0c09ae033679d4a033f6d1105159 avia-slideshow-featured_large av_slideshow_full avia-fade-slider av-slideshow-ui av-control-default av-slideshow-autoplay av-loop-endless av-loop-manual-endless av-default-height-applied   avia-slideshow-1' data-slideshow-options=\"{&quot;animation&quot;:&quot;fade&quot;,&quot;autoplay&quot;:true,&quot;loop_autoplay&quot;:&quot;endless&quot;,&quot;interval&quot;:5,&quot;loop_manual&quot;:&quot;manual-endless&quot;,&quot;autoplay_stopper&quot;:false,&quot;noNavigation&quot;:false,&quot;bg_slider&quot;:false,&quot;keep_padding&quot;:false,&quot;hoverpause&quot;:false,&quot;show_slide_delay&quot;:0}\"  itemprop=\"image\" itemscope=\"itemscope\" itemtype=\"https:\/\/schema.org\/ImageObject\" ><ul class='avia-slideshow-inner ' style='padding-bottom: 42%;'><li  class='avia-slideshow-slide av-juu6n4p2-32ea0c09ae033679d4a033f6d1105159__0  slide-1 slide-odd'><div data-rel='slideshow-1' class='avia-slide-wrap '  title='Agnus Dei' ><img decoding=\"async\" fetchpriority=\"high\" class=\"wp-image-1769 avia-img-lazy-loading-not-1769\"  src=\"https:\/\/campanariodesanxoan.com\/wp-content\/uploads\/2020\/08\/agnusdei01-1-1500x630.jpg\" width=\"1500\" height=\"630\" title='Agnus Dei' alt='Agnus Dei'  itemprop=\"thumbnailUrl\"   \/><\/div><\/li><li  class='avia-slideshow-slide av-juu6n4p2-32ea0c09ae033679d4a033f6d1105159__1  slide-2 slide-even'><div data-rel='slideshow-1' class='avia-slide-wrap '  title='Agnus Dei' ><img decoding=\"async\" fetchpriority=\"high\" class=\"wp-image-1771 avia-img-lazy-loading-not-1771\"  src=\"https:\/\/campanariodesanxoan.com\/wp-content\/uploads\/2020\/08\/agnusdei03-1-1500x630.jpg\" width=\"1500\" height=\"630\" title='Agnus Dei' alt='Agnus Dei'  itemprop=\"thumbnailUrl\"   \/><\/div><\/li><li  class='avia-slideshow-slide av-juu6n4p2-32ea0c09ae033679d4a033f6d1105159__2  slide-3 slide-odd'><div data-rel='slideshow-1' class='avia-slide-wrap '  title='Agnus Dei' ><img decoding=\"async\" fetchpriority=\"high\" class=\"wp-image-1770 avia-img-lazy-loading-not-1770\"  src=\"https:\/\/campanariodesanxoan.com\/wp-content\/uploads\/2020\/08\/agnusdei02-1-1500x630.jpg\" width=\"1500\" height=\"630\" title='Agnus Dei' alt='Agnus Dei'  itemprop=\"thumbnailUrl\"   \/><\/div><\/li><li  class='avia-slideshow-slide av-juu6n4p2-32ea0c09ae033679d4a033f6d1105159__3  slide-4 slide-even'><div data-rel='slideshow-1' class='avia-slide-wrap '  title='Campanario San Xoan' ><img decoding=\"async\" fetchpriority=\"high\" class=\"wp-image-1873 avia-img-lazy-loading-not-1873\"  src=\"https:\/\/campanariodesanxoan.com\/wp-content\/uploads\/2020\/08\/campanario1-56-1-1500x630.jpg\" width=\"1500\" height=\"630\" title='Campanario San Xoan' alt='Campanario San Xoan'  itemprop=\"thumbnailUrl\"   \/><\/div><\/li><\/ul><div class='avia-slideshow-arrows avia-slideshow-controls' ><a href='#prev' class='prev-slide  avia-svg-icon avia-font-svg_entypo-fontello' data-av_svg_icon='left-open-big' data-av_iconset='svg_entypo-fontello' tabindex='-1' title=\"Anterior\"><svg version=\"1.1\" xmlns=\"http:\/\/www.w3.org\/2000\/svg\" width=\"15\" height=\"32\" viewBox=\"0 0 15 32\" preserveAspectRatio=\"xMidYMid meet\" aria-labelledby='av-svg-title-1' aria-describedby='av-svg-desc-1' role=\"graphics-symbol\" aria-hidden=\"true\">\n<title id='av-svg-title-1'>Anterior<\/title>\n<desc id='av-svg-desc-1'>Anterior<\/desc>\n<path d=\"M14.464 27.84q0.832 0.832 0 1.536-0.832 0.832-1.536 0l-12.544-12.608q-0.768-0.768 0-1.6l12.544-12.608q0.704-0.832 1.536 0 0.832 0.704 0 1.536l-11.456 11.904z\"><\/path>\n<\/svg><span class='avia_hidden_link_text'>Anterior<\/span><\/a><a href='#next' class='next-slide  avia-svg-icon avia-font-svg_entypo-fontello' data-av_svg_icon='right-open-big' data-av_iconset='svg_entypo-fontello' tabindex='-1' title=\"Posterior\"><svg version=\"1.1\" xmlns=\"http:\/\/www.w3.org\/2000\/svg\" width=\"15\" height=\"32\" viewBox=\"0 0 15 32\" preserveAspectRatio=\"xMidYMid meet\" aria-labelledby='av-svg-title-2' aria-describedby='av-svg-desc-2' role=\"graphics-symbol\" aria-hidden=\"true\">\n<title id='av-svg-title-2'>Posterior<\/title>\n<desc id='av-svg-desc-2'>Posterior<\/desc>\n<path d=\"M0.416 27.84l11.456-11.84-11.456-11.904q-0.832-0.832 0-1.536 0.832-0.832 1.536 0l12.544 12.608q0.768 0.832 0 1.6l-12.544 12.608q-0.704 0.832-1.536 0-0.832-0.704 0-1.536z\"><\/path>\n<\/svg><span class='avia_hidden_link_text'>Posterior<\/span><\/a><\/div><div class='avia-slideshow-dots avia-slideshow-controls'><a href='#1' class='goto-slide active' >1<\/a><a href='#2' class='goto-slide ' >2<\/a><a href='#3' class='goto-slide ' >3<\/a><a href='#4' class='goto-slide ' >4<\/a><\/div><\/div><\/div>\n\n<style type=\"text\/css\" data-created_by=\"avia_inline_auto\" id=\"style-css-av-juu6xbuq-9351918b8d85acdd1ca8fd3b6484be23\">\n.avia-section.av-juu6xbuq-9351918b8d85acdd1ca8fd3b6484be23 .av-section-color-overlay{\nopacity:0.5;\nbackground-image:url(https:\/\/campanariodesanxoan.com\/wp-content\/themes\/enfold\/images\/background-images\/floral-dark.png);\nbackground-repeat:repeat;\n}\n<\/style>\n<div id='av_section_1'  class='avia-section av-juu6xbuq-9351918b8d85acdd1ca8fd3b6484be23 main_color avia-section-default avia-no-border-styling  avia-builder-el-1  el_after_av_slideshow_full  avia-builder-el-last  avia-bg-style-scroll av-section-color-overlay-active container_wrap fullsize'  ><div class=\"av-section-color-overlay-wrap\"><div class=\"av-section-color-overlay\"><\/div><div class='container av-section-cont-open' ><div class='template-page content  av-content-full alpha units'><div class='post-entry post-entry-type-page post-entry-1018'><div class='entry-content-wrapper clearfix'>\n\n<style type=\"text\/css\" data-created_by=\"avia_inline_auto\" id=\"style-css-av-av_heading-51e8a1a8e8a42f9bea4300fc31767ab5\">\n#top .av-special-heading.av-av_heading-51e8a1a8e8a42f9bea4300fc31767ab5{\npadding-bottom:10px;\ncolor:#31653b;\n}\nbody .av-special-heading.av-av_heading-51e8a1a8e8a42f9bea4300fc31767ab5 .av-special-heading-tag .heading-char{\nfont-size:25px;\n}\n.av-special-heading.av-av_heading-51e8a1a8e8a42f9bea4300fc31767ab5 .special-heading-inner-border{\nborder-color:#31653b;\n}\n.av-special-heading.av-av_heading-51e8a1a8e8a42f9bea4300fc31767ab5 .av-subheading{\nfont-size:15px;\n}\n<\/style>\n<div  class='av-special-heading av-av_heading-51e8a1a8e8a42f9bea4300fc31767ab5 av-special-heading-h1 custom-color-heading  avia-builder-el-2  el_before_av_one_full  avia-builder-el-first  av-linked-heading'><h1 class='av-special-heading-tag '  itemprop=\"headline\"  >Agnus Dei<\/h1><div class=\"special-heading-border\"><div class=\"special-heading-inner-border\"><\/div><\/div><\/div>\n\n<style type=\"text\/css\" data-created_by=\"avia_inline_auto\" id=\"style-css-av-7oyvei-eb5c3c6abb5c4dd16959f4fcdf9cd857\">\n.flex_column.av-7oyvei-eb5c3c6abb5c4dd16959f4fcdf9cd857{\nborder-radius:0px 0px 0px 0px;\npadding:0px 0px 0px 0px;\n}\n<\/style>\n<div  class='flex_column av-7oyvei-eb5c3c6abb5c4dd16959f4fcdf9cd857 av_one_full  avia-builder-el-3  el_after_av_heading  el_before_av_heading  first flex_column_div av-zero-column-padding  '     ><section  class='av_textblock_section av-juu6rh9l-eb471258e2a3e36f71f696c9710ea9a4 '   itemscope=\"itemscope\" itemtype=\"https:\/\/schema.org\/CreativeWork\" ><div class='avia_textblock'  itemprop=\"text\" ><p>No\u00a0cristianismo,\u00a0<strong> Agnus Dei<\/strong> (traducido do lat\u00edn, Cordeiro de Deus) ref\u00edrese a Xesucristo como v\u00edtima ofrecida en sacrificio por os pecados dos homes, a semellanza do cordeiro que era sacrificado e consumido por os xudeus durante a conmemoraci\u00f3n anual da Pascua. Este t\u00edtulo foille aplicado por o profeta\u00a0 san Xo\u00e1n Bautista durante o episodio do bautismo de Xes\u00fas no r\u00edo\u00a0 Xord\u00e1n, segundo rel\u00e1tase nos evanxeos, coa exclamaci\u00f3n: \u201cvelaqu\u00ed o Cordeiro de Deus\u201d.<\/p>\n<p>O Agnus Dei aparece portando sobre unha das s\u00faas patas ou encima do seu lombo unha cruz como s\u00edmbolo da resurrecci\u00f3n.<\/p>\n<\/div><\/section><\/div>\n<style type=\"text\/css\" data-created_by=\"avia_inline_auto\" id=\"style-css-av-av_heading-8548e7aadd5136788a19e4af4ad5042e\">\n#top .av-special-heading.av-av_heading-8548e7aadd5136788a19e4af4ad5042e{\npadding-bottom:10px;\ncolor:#31653b;\n}\nbody .av-special-heading.av-av_heading-8548e7aadd5136788a19e4af4ad5042e .av-special-heading-tag .heading-char{\nfont-size:25px;\n}\n.av-special-heading.av-av_heading-8548e7aadd5136788a19e4af4ad5042e .special-heading-inner-border{\nborder-color:#31653b;\n}\n.av-special-heading.av-av_heading-8548e7aadd5136788a19e4af4ad5042e .av-subheading{\nfont-size:15px;\n}\n<\/style>\n<div  class='av-special-heading av-av_heading-8548e7aadd5136788a19e4af4ad5042e av-special-heading-h2 custom-color-heading  avia-builder-el-5  el_after_av_one_full  el_before_av_one_full  av-linked-heading'><h2 class='av-special-heading-tag '  itemprop=\"headline\"  >Orixe<\/h2><div class=\"special-heading-border\"><div class=\"special-heading-inner-border\"><\/div><\/div><\/div>\n\n<style type=\"text\/css\" data-created_by=\"avia_inline_auto\" id=\"style-css-av-60h0mi-088d107859e35359b70e5873853d610c\">\n.flex_column.av-60h0mi-088d107859e35359b70e5873853d610c{\nborder-radius:0px 0px 0px 0px;\npadding:0px 0px 0px 0px;\n}\n<\/style>\n<div  class='flex_column av-60h0mi-088d107859e35359b70e5873853d610c av_one_full  avia-builder-el-6  el_after_av_heading  el_before_av_two_fifth  first flex_column_div av-zero-column-padding  '     ><section  class='av_textblock_section av-juu6rh9l-eb471258e2a3e36f71f696c9710ea9a4 '   itemscope=\"itemscope\" itemtype=\"https:\/\/schema.org\/CreativeWork\" ><div class='avia_textblock'  itemprop=\"text\" ><p>O cordeiro \u00e9 un dos s\u00edmbolos da cristolox\u00eda m\u00e1is habituais. Na arte paleocristi\u00e1, mentres que a cruz considerouse un s\u00edmbolo deshonroso, o cordeiro aparece fundamentalmente como s\u00edmbolo do martirio e a morte de Cristo, a\u00ednda que en ocasi\u00f3ns representa tam\u00e9n aos fieis cristi\u00e1ns que rodean a figura do Bo Pastor.<br \/>\nA identificaci\u00f3n de Cristo co cordeiro ten a s\u00faa orixe en varios textos b\u00edblicos, tanto do Antigo como do Novo Testamento.<br \/>\nNo Antigo Testamento inst\u00e1urase a festa\u00a0 da pascua lembrando o sacrificio do cordeiro que salvou as casas dos xudeus e aos seus primox\u00e9nitos sinalando con sangue do animal os dinteis das portas na \u00faltima praga de Exipto, ou o cordeiro que ofreceu Abraham guiado pola man do anxo tras ofrecer ao seu fillo Isaac.<\/p>\n<\/div><\/section><\/div>\n<style type=\"text\/css\" data-created_by=\"avia_inline_auto\" id=\"style-css-av-8jret6-4d5ad4fd5244e16fbda4e5b64eeb5cdc\">\n.flex_column.av-8jret6-4d5ad4fd5244e16fbda4e5b64eeb5cdc{\nborder-radius:0px 0px 0px 0px;\npadding:0px 0px 0px 0px;\n}\n<\/style>\n<div  class='flex_column av-8jret6-4d5ad4fd5244e16fbda4e5b64eeb5cdc av_two_fifth  avia-builder-el-8  el_after_av_one_full  el_before_av_three_fifth  first flex_column_div av-zero-column-padding  column-top-margin'     ><p>\n<style type=\"text\/css\" data-created_by=\"avia_inline_auto\" id=\"style-css-av-av_heading-f0b6f68819abf4cdc41e335c5ae5bc7d\">\n#top .av-special-heading.av-av_heading-f0b6f68819abf4cdc41e335c5ae5bc7d{\npadding-bottom:10px;\ncolor:#31653b;\n}\nbody .av-special-heading.av-av_heading-f0b6f68819abf4cdc41e335c5ae5bc7d .av-special-heading-tag .heading-char{\nfont-size:25px;\n}\n.av-special-heading.av-av_heading-f0b6f68819abf4cdc41e335c5ae5bc7d .special-heading-inner-border{\nborder-color:#31653b;\n}\n.av-special-heading.av-av_heading-f0b6f68819abf4cdc41e335c5ae5bc7d .av-subheading{\nfont-size:15px;\n}\n<\/style>\n<div  class='av-special-heading av-av_heading-f0b6f68819abf4cdc41e335c5ae5bc7d av-special-heading-h3 custom-color-heading  avia-builder-el-9  el_before_av_iconlist  avia-builder-el-first  av-linked-heading'><h3 class='av-special-heading-tag '  itemprop=\"headline\"  >Detalles do Agnus Dei<\/h3><div class=\"special-heading-border\"><div class=\"special-heading-inner-border\"><\/div><\/div><\/div><br \/>\n\n<style type=\"text\/css\" data-created_by=\"avia_inline_auto\" id=\"style-css-av-jvs34zd7-7da27136d5ae3e02ee17f53e4c5d1a74\">\n#top .avia-icon-list-container.av-jvs34zd7-7da27136d5ae3e02ee17f53e4c5d1a74 .iconlist_icon{\nbackground-color:#31653b;\n}\n#top #wrap_all .avia-icon-list-container.av-jvs34zd7-7da27136d5ae3e02ee17f53e4c5d1a74 .av_iconlist_title{\ncolor:#31653b;\n}\n.avia-icon-list-container.av-jvs34zd7-7da27136d5ae3e02ee17f53e4c5d1a74 .iconlist_content{\ncolor:#635b63;\n}\n<\/style>\n<div  class='avia-icon-list-container av-jvs34zd7-7da27136d5ae3e02ee17f53e4c5d1a74  avia-builder-el-10  el_after_av_heading  avia-builder-el-last '><ul class='avia-icon-list avia_animate_when_almost_visible avia-icon-list-left av-iconlist-big av-jvs34zd7-7da27136d5ae3e02ee17f53e4c5d1a74 avia-iconlist-animate'>\n<li><div class='iconlist_icon av-av_iconlist_item-14c5769482e472bb9ec4332cb8af4d6e avia-font-entypo-fontello avia-iconfont avia-font-entypo-fontello'><span class='av-icon-char' data-av_icon='\ue863' data-av_iconfont='entypo-fontello' aria-hidden=\"true\"><\/span><\/div><article class=\"article-icon-entry \"  itemscope=\"itemscope\" itemtype=\"https:\/\/schema.org\/CreativeWork\" ><div class=\"iconlist_content_wrap\"><header class=\"entry-content-header\" aria-label=\"Icon: S\u00e9culo\"><h4 class='av_iconlist_title iconlist_title  av_inherit_color'  itemprop=\"headline\" >S\u00e9culo<\/h4><\/header><div class='iconlist_content av_inherit_color'  itemprop=\"text\" ><p>XI<\/p>\n<\/div><\/div><footer class=\"entry-footer\"><\/footer><\/article><div class=\"iconlist-timeline\"><\/div><\/li>\n<li><div class='iconlist_icon av-lrmnu-9711c3015a98771d7dda2d61efc26872 avia-font-entypo-fontello avia-iconfont avia-font-entypo-fontello'><span class='av-icon-char' data-av_icon='\ue88b' data-av_iconfont='entypo-fontello' aria-hidden=\"true\"><\/span><\/div><article class=\"article-icon-entry \"  itemscope=\"itemscope\" itemtype=\"https:\/\/schema.org\/CreativeWork\" ><div class=\"iconlist_content_wrap\"><header class=\"entry-content-header\" aria-label=\"Icon: Longo\"><h4 class='av_iconlist_title iconlist_title  av_inherit_color'  itemprop=\"headline\" >Longo<\/h4><\/header><div class='iconlist_content av_inherit_color'  itemprop=\"text\" ><p>80 cm<\/p>\n<\/div><\/div><footer class=\"entry-footer\"><\/footer><\/article><div class=\"iconlist-timeline\"><\/div><\/li>\n<li><div class='iconlist_icon av-gn356-e7e88daa5b1c4e816feb0ca30d98db15 avia-font-entypo-fontello avia-iconfont avia-font-entypo-fontello'><span class='av-icon-char' data-av_icon='\ue896' data-av_iconfont='entypo-fontello' aria-hidden=\"true\"><\/span><\/div><article class=\"article-icon-entry \"  itemscope=\"itemscope\" itemtype=\"https:\/\/schema.org\/CreativeWork\" ><div class=\"iconlist_content_wrap\"><header class=\"entry-content-header\" aria-label=\"Icon: Ancho\"><h4 class='av_iconlist_title iconlist_title  av_inherit_color'  itemprop=\"headline\" >Ancho<\/h4><\/header><div class='iconlist_content av_inherit_color'  itemprop=\"text\" ><p>40 cm<\/p>\n<\/div><\/div><footer class=\"entry-footer\"><\/footer><\/article><div class=\"iconlist-timeline\"><\/div><\/li>\n<li><div class='iconlist_icon av-320pnu-30e657aa6b2e2ccebfde446c98ae6ec5 avia-font-entypo-fontello avia-iconfont avia-font-entypo-fontello'><span class='av-icon-char' data-av_icon='\ue896' data-av_iconfont='entypo-fontello' aria-hidden=\"true\"><\/span><\/div><article class=\"article-icon-entry \"  itemscope=\"itemscope\" itemtype=\"https:\/\/schema.org\/CreativeWork\" ><div class=\"iconlist_content_wrap\"><header class=\"entry-content-header\" aria-label=\"Icon: Alto\"><h4 class='av_iconlist_title iconlist_title  av_inherit_color'  itemprop=\"headline\" >Alto<\/h4><\/header><div class='iconlist_content av_inherit_color'  itemprop=\"text\" ><p>50 cm<\/p>\n<\/div><\/div><footer class=\"entry-footer\"><\/footer><\/article><div class=\"iconlist-timeline\"><\/div><\/li>\n<\/ul><\/div><\/p><\/div>\n<style type=\"text\/css\" data-created_by=\"avia_inline_auto\" id=\"style-css-av-1xit3e-ec50e4dc0abba2006489c3e83ec3d1cb\">\n.flex_column.av-1xit3e-ec50e4dc0abba2006489c3e83ec3d1cb{\nborder-radius:0px 0px 0px 0px;\npadding:0px 0px 0px 0px;\n}\n<\/style>\n<div  class='flex_column av-1xit3e-ec50e4dc0abba2006489c3e83ec3d1cb av_three_fifth  avia-builder-el-11  el_after_av_two_fifth  avia-builder-el-last  flex_column_div av-zero-column-padding  column-top-margin'     ><style type=\"text\/css\" data-created_by=\"avia_inline_auto\" id=\"style-css-av-jvs35lmc-e332657aaa2746488d3a983d3e6652fb\">\n.avia-image-container.av-jvs35lmc-e332657aaa2746488d3a983d3e6652fb img.avia_image{\nbox-shadow:none;\n}\n.avia-image-container.av-jvs35lmc-e332657aaa2746488d3a983d3e6652fb .av-image-caption-overlay-center{\ncolor:#ffffff;\n}\n<\/style>\n<div  class='avia-image-container av-jvs35lmc-e332657aaa2746488d3a983d3e6652fb av-styling- av-hover-grow avia-align-center  avia-builder-el-12  avia-builder-el-no-sibling '   itemprop=\"image\" itemscope=\"itemscope\" itemtype=\"https:\/\/schema.org\/ImageObject\" ><div class=\"avia-image-container-inner\"><div class=\"avia-image-overlay-wrap\"><img decoding=\"async\" fetchpriority=\"high\" class='wp-image-1771 avia-img-lazy-loading-not-1771 avia_image ' src=\"https:\/\/campanariodesanxoan.com\/wp-content\/uploads\/2020\/08\/agnusdei03-1-845x684.jpg\" alt='Agnus Dei' title='Agnus Dei'  height=\"684\" width=\"845\"  itemprop=\"thumbnailUrl\" srcset=\"https:\/\/campanariodesanxoan.com\/wp-content\/uploads\/2020\/08\/agnusdei03-1-845x684.jpg 845w, https:\/\/campanariodesanxoan.com\/wp-content\/uploads\/2020\/08\/agnusdei03-1-495x400.jpg 495w\" sizes=\"(max-width: 845px) 100vw, 845px\" \/><\/div><\/div><\/div><\/div>\n","protected":false},"excerpt":{"rendered":"","protected":false},"author":2,"featured_media":0,"parent":0,"menu_order":0,"comment_status":"closed","ping_status":"closed","template":"","meta":{"footnotes":""},"class_list":["post-1018","page","type-page","status-publish","hentry"],"_links":{"self":[{"href":"https:\/\/campanariodesanxoan.com\/index.php\/wp-json\/wp\/v2\/pages\/1018","targetHints":{"allow":["GET"]}}],"collection":[{"href":"https:\/\/campanariodesanxoan.com\/index.php\/wp-json\/wp\/v2\/pages"}],"about":[{"href":"https:\/\/campanariodesanxoan.com\/index.php\/wp-json\/wp\/v2\/types\/page"}],"author":[{"embeddable":true,"href":"https:\/\/campanariodesanxoan.com\/index.php\/wp-json\/wp\/v2\/users\/2"}],"replies":[{"embeddable":true,"href":"https:\/\/campanariodesanxoan.com\/index.php\/wp-json\/wp\/v2\/comments?post=1018"}],"version-history":[{"count":0,"href":"https:\/\/campanariodesanxoan.com\/index.php\/wp-json\/wp\/v2\/pages\/1018\/revisions"}],"wp:attachment":[{"href":"https:\/\/campanariodesanxoan.com\/index.php\/wp-json\/wp\/v2\/media?parent=1018"}],"curies":[{"name":"wp","href":"https:\/\/api.w.org\/{rel}","templated":true}]}}