{"id":1502,"date":"2019-10-27T14:57:55","date_gmt":"2019-10-27T13:57:55","guid":{"rendered":"https:\/\/campanariodesanxoan.com\/?page_id=1502"},"modified":"2025-06-11T23:08:53","modified_gmt":"2025-06-11T21:08:53","slug":"chascarrillo","status":"publish","type":"page","link":"https:\/\/campanariodesanxoan.com\/index.php\/chascarrillo\/","title":{"rendered":"Chascarrillo"},"content":{"rendered":"<div id='full_slider_1'  class='avia-fullwidth-slider main_color avia-shadow   avia-builder-el-0  el_before_av_section  avia-builder-el-first   container_wrap fullsize'  ><div  class='avia-slideshow av-kdlo0s5p-466a4205c181d4623d1bc1dd9b1e0c83 avia-slideshow-featured_large av_slideshow_full avia-fade-slider av-slideshow-ui av-control-default av-slideshow-autoplay av-loop-endless av-loop-manual-endless av-default-height-applied   avia-slideshow-1' data-slideshow-options=\"{&quot;animation&quot;:&quot;fade&quot;,&quot;autoplay&quot;:true,&quot;loop_autoplay&quot;:&quot;endless&quot;,&quot;interval&quot;:5,&quot;loop_manual&quot;:&quot;manual-endless&quot;,&quot;autoplay_stopper&quot;:false,&quot;noNavigation&quot;:false,&quot;bg_slider&quot;:false,&quot;keep_padding&quot;:false,&quot;hoverpause&quot;:false,&quot;show_slide_delay&quot;:0}\"  itemprop=\"image\" itemscope=\"itemscope\" itemtype=\"https:\/\/schema.org\/ImageObject\" ><ul class='avia-slideshow-inner ' style='padding-bottom: 42%;'><li  class='avia-slideshow-slide av-kdlo0s5p-466a4205c181d4623d1bc1dd9b1e0c83__0  slide-1 slide-odd'><div data-rel='slideshow-1' class='avia-slide-wrap '  title='Chascarrillo' ><img decoding=\"async\" fetchpriority=\"high\" class=\"wp-image-2022 avia-img-lazy-loading-not-2022\"  src=\"https:\/\/campanariodesanxoan.com\/wp-content\/uploads\/2020\/08\/campanario1-335-1500x630.jpg\" width=\"1500\" height=\"630\" title='Chascarrillo' alt='Chascarrillo'  itemprop=\"thumbnailUrl\"   \/><\/div><\/li><li  class='avia-slideshow-slide av-kdlo0s5p-466a4205c181d4623d1bc1dd9b1e0c83__1  slide-2 slide-even'><div data-rel='slideshow-1' class='avia-slide-wrap '  title='Chascarrillo' ><img decoding=\"async\" fetchpriority=\"high\" class=\"wp-image-2021 avia-img-lazy-loading-not-2021\"  src=\"https:\/\/campanariodesanxoan.com\/wp-content\/uploads\/2020\/08\/campanario1-156-1500x630.jpg\" width=\"1500\" height=\"630\" title='Chascarrillo' alt='Chascarrillo'  itemprop=\"thumbnailUrl\"   \/><\/div><\/li><li  class='avia-slideshow-slide av-kdlo0s5p-466a4205c181d4623d1bc1dd9b1e0c83__2  slide-3 slide-odd'><div data-rel='slideshow-1' class='avia-slide-wrap '  title='Chascarrillo' ><img decoding=\"async\" fetchpriority=\"high\" class=\"wp-image-2020 avia-img-lazy-loading-not-2020\"  src=\"https:\/\/campanariodesanxoan.com\/wp-content\/uploads\/2020\/08\/campanario1-301-1500x630.jpg\" width=\"1500\" height=\"630\" title='Chascarrillo' alt='Chascarrillo'  itemprop=\"thumbnailUrl\"   \/><\/div><\/li><li  class='avia-slideshow-slide av-kdlo0s5p-466a4205c181d4623d1bc1dd9b1e0c83__3  slide-4 slide-even'><div data-rel='slideshow-1' class='avia-slide-wrap '  title='Chascarrillo' ><img decoding=\"async\" fetchpriority=\"high\" class=\"wp-image-2019 avia-img-lazy-loading-not-2019\"  src=\"https:\/\/campanariodesanxoan.com\/wp-content\/uploads\/2020\/08\/campanario1-154-1155x630.jpg\" width=\"1155\" height=\"630\" title='Chascarrillo' alt='Chascarrillo'  itemprop=\"thumbnailUrl\"   \/><\/div><\/li><\/ul><div class='avia-slideshow-arrows avia-slideshow-controls' ><a href='#prev' class='prev-slide  avia-svg-icon avia-font-svg_entypo-fontello' data-av_svg_icon='left-open-big' data-av_iconset='svg_entypo-fontello' tabindex='-1' title=\"Anterior\"><svg version=\"1.1\" xmlns=\"http:\/\/www.w3.org\/2000\/svg\" width=\"15\" height=\"32\" viewBox=\"0 0 15 32\" preserveAspectRatio=\"xMidYMid meet\" aria-labelledby='av-svg-title-1' aria-describedby='av-svg-desc-1' role=\"graphics-symbol\" aria-hidden=\"true\">\n<title id='av-svg-title-1'>Anterior<\/title>\n<desc id='av-svg-desc-1'>Anterior<\/desc>\n<path d=\"M14.464 27.84q0.832 0.832 0 1.536-0.832 0.832-1.536 0l-12.544-12.608q-0.768-0.768 0-1.6l12.544-12.608q0.704-0.832 1.536 0 0.832 0.704 0 1.536l-11.456 11.904z\"><\/path>\n<\/svg><span class='avia_hidden_link_text'>Anterior<\/span><\/a><a href='#next' class='next-slide  avia-svg-icon avia-font-svg_entypo-fontello' data-av_svg_icon='right-open-big' data-av_iconset='svg_entypo-fontello' tabindex='-1' title=\"Posterior\"><svg version=\"1.1\" xmlns=\"http:\/\/www.w3.org\/2000\/svg\" width=\"15\" height=\"32\" viewBox=\"0 0 15 32\" preserveAspectRatio=\"xMidYMid meet\" aria-labelledby='av-svg-title-2' aria-describedby='av-svg-desc-2' role=\"graphics-symbol\" aria-hidden=\"true\">\n<title id='av-svg-title-2'>Posterior<\/title>\n<desc id='av-svg-desc-2'>Posterior<\/desc>\n<path d=\"M0.416 27.84l11.456-11.84-11.456-11.904q-0.832-0.832 0-1.536 0.832-0.832 1.536 0l12.544 12.608q0.768 0.832 0 1.6l-12.544 12.608q-0.704 0.832-1.536 0-0.832-0.704 0-1.536z\"><\/path>\n<\/svg><span class='avia_hidden_link_text'>Posterior<\/span><\/a><\/div><div class='avia-slideshow-dots avia-slideshow-controls'><a href='#1' class='goto-slide active' >1<\/a><a href='#2' class='goto-slide ' >2<\/a><a href='#3' class='goto-slide ' >3<\/a><a href='#4' class='goto-slide ' >4<\/a><\/div><\/div><\/div>\n\n<style type=\"text\/css\" data-created_by=\"avia_inline_auto\" id=\"style-css-av-jawla-970961c388ce6e82968601ca20977083\">\n.avia-section.av-jawla-970961c388ce6e82968601ca20977083 .av-section-color-overlay{\nopacity:0.5;\nbackground-image:url(https:\/\/campanariodesanxoan.com\/wp-content\/themes\/enfold\/images\/background-images\/floral-dark.png);\nbackground-repeat:repeat;\n}\n<\/style>\n<div id='av_section_1'  class='avia-section av-jawla-970961c388ce6e82968601ca20977083 main_color avia-section-default avia-no-border-styling  avia-builder-el-1  el_after_av_slideshow_full  avia-builder-el-last  avia-bg-style-scroll av-section-color-overlay-active container_wrap fullsize'  ><div class=\"av-section-color-overlay-wrap\"><div class=\"av-section-color-overlay\"><\/div><div class='container av-section-cont-open' ><div class='template-page content  av-content-full alpha units'><div class='post-entry post-entry-type-page post-entry-1502'><div class='entry-content-wrapper clearfix'>\n\n<style type=\"text\/css\" data-created_by=\"avia_inline_auto\" id=\"style-css-av-2o66i6-470b96036a756c3310624e6a3d4bc79f\">\n#top .av-special-heading.av-2o66i6-470b96036a756c3310624e6a3d4bc79f{\npadding-bottom:10px;\ncolor:#31653b;\n}\nbody .av-special-heading.av-2o66i6-470b96036a756c3310624e6a3d4bc79f .av-special-heading-tag .heading-char{\nfont-size:25px;\n}\n.av-special-heading.av-2o66i6-470b96036a756c3310624e6a3d4bc79f .special-heading-inner-border{\nborder-color:#31653b;\n}\n.av-special-heading.av-2o66i6-470b96036a756c3310624e6a3d4bc79f .av-subheading{\nfont-size:15px;\n}\n<\/style>\n<div  class='av-special-heading av-2o66i6-470b96036a756c3310624e6a3d4bc79f av-special-heading-h3 custom-color-heading  avia-builder-el-2  el_before_av_textblock  avia-builder-el-first  av-linked-heading'><h3 class='av-special-heading-tag '  itemprop=\"headline\"  >CHASCARRILLO<\/h3><div class=\"special-heading-border\"><div class=\"special-heading-inner-border\"><\/div><\/div><\/div>\n<section  class='av_textblock_section av-k290d1d2-8efd3bb9f386139b323a257ec29cfafe '   itemscope=\"itemscope\" itemtype=\"https:\/\/schema.org\/CreativeWork\" ><div class='avia_textblock'  itemprop=\"text\" ><p>En 1524, el rector y capell\u00e1n Juan Pi\u00f1eiro don\u00f3 a la parroquia una casa en la R\u00faa da Troia donde ya estaban instaladas las campanas, lo que sugiere que la casa funcionaba como campanario. Con el tiempo, se construy\u00f3 una torre en ese lugar, dando origen al campanario actual.<\/p>\n<p>Una tradici\u00f3n local, en tono humor\u00edstico, sostiene que el cura \u00abperezoso\u00bb coloc\u00f3 el campanario junto a su casa para poder tocar las campanas desde la cama, reforzando el v\u00ednculo personal entre el sacerdote y la ubicaci\u00f3n de la torre.<\/p>\n<\/div><\/section>\n\n","protected":false},"excerpt":{"rendered":"","protected":false},"author":2,"featured_media":0,"parent":0,"menu_order":0,"comment_status":"closed","ping_status":"closed","template":"","meta":{"footnotes":""},"class_list":["post-1502","page","type-page","status-publish","hentry"],"_links":{"self":[{"href":"https:\/\/campanariodesanxoan.com\/index.php\/wp-json\/wp\/v2\/pages\/1502","targetHints":{"allow":["GET"]}}],"collection":[{"href":"https:\/\/campanariodesanxoan.com\/index.php\/wp-json\/wp\/v2\/pages"}],"about":[{"href":"https:\/\/campanariodesanxoan.com\/index.php\/wp-json\/wp\/v2\/types\/page"}],"author":[{"embeddable":true,"href":"https:\/\/campanariodesanxoan.com\/index.php\/wp-json\/wp\/v2\/users\/2"}],"replies":[{"embeddable":true,"href":"https:\/\/campanariodesanxoan.com\/index.php\/wp-json\/wp\/v2\/comments?post=1502"}],"version-history":[{"count":1,"href":"https:\/\/campanariodesanxoan.com\/index.php\/wp-json\/wp\/v2\/pages\/1502\/revisions"}],"predecessor-version":[{"id":2335,"href":"https:\/\/campanariodesanxoan.com\/index.php\/wp-json\/wp\/v2\/pages\/1502\/revisions\/2335"}],"wp:attachment":[{"href":"https:\/\/campanariodesanxoan.com\/index.php\/wp-json\/wp\/v2\/media?parent=1502"}],"curies":[{"name":"wp","href":"https:\/\/api.w.org\/{rel}","templated":true}]}}