{"id":1628,"date":"2020-08-08T12:33:17","date_gmt":"2020-08-08T10:33:17","guid":{"rendered":"https:\/\/campanariodesanxoan.com\/?page_id=1628"},"modified":"2025-06-11T23:12:42","modified_gmt":"2025-06-11T21:12:42","slug":"faladuria","status":"publish","type":"page","link":"https:\/\/campanariodesanxoan.com\/index.php\/gl\/faladuria\/","title":{"rendered":"Faladur\u00eda"},"content":{"rendered":"<div id='full_slider_1'  class='avia-fullwidth-slider main_color avia-shadow   avia-builder-el-0  el_before_av_section  avia-builder-el-first   container_wrap fullsize'  ><div  class='avia-slideshow av-kdlo30xk-c2eee1d534d88a47467fa38e09686bbd avia-slideshow-featured_large av_slideshow_full avia-fade-slider av-slideshow-ui av-control-default av-slideshow-autoplay av-loop-endless av-loop-manual-endless av-default-height-applied   avia-slideshow-1' data-slideshow-options=\"{&quot;animation&quot;:&quot;fade&quot;,&quot;autoplay&quot;:true,&quot;loop_autoplay&quot;:&quot;endless&quot;,&quot;interval&quot;:5,&quot;loop_manual&quot;:&quot;manual-endless&quot;,&quot;autoplay_stopper&quot;:false,&quot;noNavigation&quot;:false,&quot;bg_slider&quot;:false,&quot;keep_padding&quot;:false,&quot;hoverpause&quot;:false,&quot;show_slide_delay&quot;:0}\"  itemprop=\"image\" itemscope=\"itemscope\" itemtype=\"https:\/\/schema.org\/ImageObject\" ><ul class='avia-slideshow-inner ' style='padding-bottom: 42%;'><li  class='avia-slideshow-slide av-kdlo30xk-c2eee1d534d88a47467fa38e09686bbd__0  slide-1 slide-odd'><div data-rel='slideshow-1' class='avia-slide-wrap '  title='Campanario San Xoan' ><img decoding=\"async\" fetchpriority=\"high\" class=\"wp-image-2028 avia-img-lazy-loading-not-2028\"  src=\"https:\/\/campanariodesanxoan.com\/wp-content\/uploads\/2020\/08\/campanario1-335-1-1500x630.jpg\" width=\"1500\" height=\"630\" title='Campanario San Xoan' alt='Campanario San Xoan'  itemprop=\"thumbnailUrl\"   \/><\/div><\/li><li  class='avia-slideshow-slide av-kdlo30xk-c2eee1d534d88a47467fa38e09686bbd__1  slide-2 slide-even'><div data-rel='slideshow-1' class='avia-slide-wrap '  title='Campanario San Xoan' ><img decoding=\"async\" fetchpriority=\"high\" class=\"wp-image-2027 avia-img-lazy-loading-not-2027\"  src=\"https:\/\/campanariodesanxoan.com\/wp-content\/uploads\/2020\/08\/campanario1-156-1-1500x630.jpg\" width=\"1500\" height=\"630\" title='Campanario San Xoan' alt='Campanario San Xoan'  itemprop=\"thumbnailUrl\"   \/><\/div><\/li><li  class='avia-slideshow-slide av-kdlo30xk-c2eee1d534d88a47467fa38e09686bbd__2  slide-3 slide-odd'><div data-rel='slideshow-1' class='avia-slide-wrap '  title='Campanario San Xoan' ><img decoding=\"async\" fetchpriority=\"high\" class=\"wp-image-2026 avia-img-lazy-loading-not-2026\"  src=\"https:\/\/campanariodesanxoan.com\/wp-content\/uploads\/2020\/08\/campanario1-301-1-1500x630.jpg\" width=\"1500\" height=\"630\" title='Campanario San Xoan' alt='Campanario San Xoan'  itemprop=\"thumbnailUrl\"   \/><\/div><\/li><li  class='avia-slideshow-slide av-kdlo30xk-c2eee1d534d88a47467fa38e09686bbd__3  slide-4 slide-even'><div data-rel='slideshow-1' class='avia-slide-wrap '  title='Campanario San Xoan' ><img decoding=\"async\" fetchpriority=\"high\" class=\"wp-image-2025 avia-img-lazy-loading-not-2025\"  src=\"https:\/\/campanariodesanxoan.com\/wp-content\/uploads\/2020\/08\/campanario1-154-1-1155x630.jpg\" width=\"1155\" height=\"630\" title='Campanario San Xoan' alt='Campanario San Xoan'  itemprop=\"thumbnailUrl\"   \/><\/div><\/li><\/ul><div class='avia-slideshow-arrows avia-slideshow-controls' ><a href='#prev' class='prev-slide  avia-svg-icon avia-font-svg_entypo-fontello' data-av_svg_icon='left-open-big' data-av_iconset='svg_entypo-fontello' tabindex='-1' title=\"Anterior\"><svg version=\"1.1\" xmlns=\"http:\/\/www.w3.org\/2000\/svg\" width=\"15\" height=\"32\" viewBox=\"0 0 15 32\" preserveAspectRatio=\"xMidYMid meet\" aria-labelledby='av-svg-title-1' aria-describedby='av-svg-desc-1' role=\"graphics-symbol\" aria-hidden=\"true\">\n<title id='av-svg-title-1'>Anterior<\/title>\n<desc id='av-svg-desc-1'>Anterior<\/desc>\n<path d=\"M14.464 27.84q0.832 0.832 0 1.536-0.832 0.832-1.536 0l-12.544-12.608q-0.768-0.768 0-1.6l12.544-12.608q0.704-0.832 1.536 0 0.832 0.704 0 1.536l-11.456 11.904z\"><\/path>\n<\/svg><span class='avia_hidden_link_text'>Anterior<\/span><\/a><a href='#next' class='next-slide  avia-svg-icon avia-font-svg_entypo-fontello' data-av_svg_icon='right-open-big' data-av_iconset='svg_entypo-fontello' tabindex='-1' title=\"Posterior\"><svg version=\"1.1\" xmlns=\"http:\/\/www.w3.org\/2000\/svg\" width=\"15\" height=\"32\" viewBox=\"0 0 15 32\" preserveAspectRatio=\"xMidYMid meet\" aria-labelledby='av-svg-title-2' aria-describedby='av-svg-desc-2' role=\"graphics-symbol\" aria-hidden=\"true\">\n<title id='av-svg-title-2'>Posterior<\/title>\n<desc id='av-svg-desc-2'>Posterior<\/desc>\n<path d=\"M0.416 27.84l11.456-11.84-11.456-11.904q-0.832-0.832 0-1.536 0.832-0.832 1.536 0l12.544 12.608q0.768 0.832 0 1.6l-12.544 12.608q-0.704 0.832-1.536 0-0.832-0.704 0-1.536z\"><\/path>\n<\/svg><span class='avia_hidden_link_text'>Posterior<\/span><\/a><\/div><div class='avia-slideshow-dots avia-slideshow-controls'><a href='#1' class='goto-slide active' >1<\/a><a href='#2' class='goto-slide ' >2<\/a><a href='#3' class='goto-slide ' >3<\/a><a href='#4' class='goto-slide ' >4<\/a><\/div><\/div><\/div>\n\n<style type=\"text\/css\" data-created_by=\"avia_inline_auto\" id=\"style-css-av-6chzik-a245c54c338d8afdfe385629e2d9d342\">\n.avia-section.av-6chzik-a245c54c338d8afdfe385629e2d9d342 .av-section-color-overlay{\nopacity:0.5;\nbackground-image:url(https:\/\/campanariodesanxoan.com\/wp-content\/themes\/enfold\/images\/background-images\/floral-dark.png);\nbackground-repeat:repeat;\n}\n<\/style>\n<div id='av_section_1'  class='avia-section av-6chzik-a245c54c338d8afdfe385629e2d9d342 main_color avia-section-default avia-no-border-styling  avia-builder-el-1  el_after_av_slideshow_full  avia-builder-el-last  avia-bg-style-scroll av-section-color-overlay-active container_wrap fullsize'  ><div class=\"av-section-color-overlay-wrap\"><div class=\"av-section-color-overlay\"><\/div><div class='container av-section-cont-open' ><div class='template-page content  av-content-full alpha units'><div class='post-entry post-entry-type-page post-entry-1628'><div class='entry-content-wrapper clearfix'>\n\n<style type=\"text\/css\" data-created_by=\"avia_inline_auto\" id=\"style-css-av-2q120c-657b67341dd0b1bbb61db5f4de99de97\">\n#top .av-special-heading.av-2q120c-657b67341dd0b1bbb61db5f4de99de97{\npadding-bottom:10px;\ncolor:#00693c;\n}\nbody .av-special-heading.av-2q120c-657b67341dd0b1bbb61db5f4de99de97 .av-special-heading-tag .heading-char{\nfont-size:25px;\n}\n.av-special-heading.av-2q120c-657b67341dd0b1bbb61db5f4de99de97 .special-heading-inner-border{\nborder-color:#00693c;\n}\n.av-special-heading.av-2q120c-657b67341dd0b1bbb61db5f4de99de97 .av-subheading{\nfont-size:15px;\n}\n<\/style>\n<div  class='av-special-heading av-2q120c-657b67341dd0b1bbb61db5f4de99de97 av-special-heading-h3 custom-color-heading  avia-builder-el-2  el_before_av_textblock  avia-builder-el-first '><h3 class='av-special-heading-tag '  itemprop=\"headline\"  >FALADUR\u00cdA<\/h3><div class=\"special-heading-border\"><div class=\"special-heading-inner-border\"><\/div><\/div><\/div>\n<section  class='av_textblock_section av-2y3h98-00167abc20fa74be56dcca5a113203cb '   itemscope=\"itemscope\" itemtype=\"https:\/\/schema.org\/CreativeWork\" ><div class='avia_textblock'  itemprop=\"text\" ><p data-sourcepos=\"15:1-15:252\">No 1524, o reitor e capel\u00e1n Juan Pi\u00f1eiro doou \u00e1 parroquia unha casa na R\u00faa da Troia onde xa estaban instaladas as camp\u00e1s, o que suxire que a casa funcionaba como campanario. Co tempo, constru\u00eduse unha torre nese lugar, dando orixe ao campanario actual.<\/p>\n<p data-sourcepos=\"17:1-17:226\">Unha tradici\u00f3n local, en ton humor\u00edstico, sost\u00e9n que o cura \u00abpreguiceiro\u00bb colocou o campanario xunto \u00e1 s\u00faa casa para poder tocar as camp\u00e1s dende a cama, reforzando o v\u00ednculo persoal entre o sacerdote e a localizaci\u00f3n da torre.<\/p>\n<\/div><\/section>\n\n","protected":false},"excerpt":{"rendered":"","protected":false},"author":2,"featured_media":0,"parent":0,"menu_order":0,"comment_status":"closed","ping_status":"closed","template":"","meta":{"footnotes":""},"class_list":["post-1628","page","type-page","status-publish","hentry"],"_links":{"self":[{"href":"https:\/\/campanariodesanxoan.com\/index.php\/wp-json\/wp\/v2\/pages\/1628","targetHints":{"allow":["GET"]}}],"collection":[{"href":"https:\/\/campanariodesanxoan.com\/index.php\/wp-json\/wp\/v2\/pages"}],"about":[{"href":"https:\/\/campanariodesanxoan.com\/index.php\/wp-json\/wp\/v2\/types\/page"}],"author":[{"embeddable":true,"href":"https:\/\/campanariodesanxoan.com\/index.php\/wp-json\/wp\/v2\/users\/2"}],"replies":[{"embeddable":true,"href":"https:\/\/campanariodesanxoan.com\/index.php\/wp-json\/wp\/v2\/comments?post=1628"}],"version-history":[{"count":2,"href":"https:\/\/campanariodesanxoan.com\/index.php\/wp-json\/wp\/v2\/pages\/1628\/revisions"}],"predecessor-version":[{"id":2338,"href":"https:\/\/campanariodesanxoan.com\/index.php\/wp-json\/wp\/v2\/pages\/1628\/revisions\/2338"}],"wp:attachment":[{"href":"https:\/\/campanariodesanxoan.com\/index.php\/wp-json\/wp\/v2\/media?parent=1628"}],"curies":[{"name":"wp","href":"https:\/\/api.w.org\/{rel}","templated":true}]}}