{"id":451,"date":"2019-04-05T20:36:39","date_gmt":"2019-04-05T18:36:39","guid":{"rendered":"https:\/\/campanariodesanxoan.com\/?page_id=451"},"modified":"2020-09-16T16:19:30","modified_gmt":"2020-09-16T14:19:30","slug":"que-es-un-campanario","status":"publish","type":"page","link":"https:\/\/campanariodesanxoan.com\/index.php\/que-es-un-campanario\/","title":{"rendered":"\u00bfQu\u00e9 es un campanario?"},"content":{"rendered":"<div id='full_slider_1'  class='avia-fullwidth-slider main_color avia-shadow   avia-builder-el-0  el_before_av_section  avia-builder-el-first   container_wrap fullsize'  ><div  class='avia-slideshow av-ke1ltzg4-b3aa8e50ce7367046cead77355a8a4d9 avia-slideshow-featured_large av_slideshow_full avia-fade-slider av-slideshow-ui av-control-default av-slideshow-autoplay av-loop-endless av-loop-manual-endless av-default-height-applied   avia-slideshow-1' data-slideshow-options=\"{&quot;animation&quot;:&quot;fade&quot;,&quot;autoplay&quot;:true,&quot;loop_autoplay&quot;:&quot;endless&quot;,&quot;interval&quot;:5,&quot;loop_manual&quot;:&quot;manual-endless&quot;,&quot;autoplay_stopper&quot;:false,&quot;noNavigation&quot;:false,&quot;bg_slider&quot;:false,&quot;keep_padding&quot;:false,&quot;hoverpause&quot;:false,&quot;show_slide_delay&quot;:0}\"  itemprop=\"image\" itemscope=\"itemscope\" itemtype=\"https:\/\/schema.org\/ImageObject\" ><ul class='avia-slideshow-inner ' style='padding-bottom: 42%;'><li  class='avia-slideshow-slide av-ke1ltzg4-b3aa8e50ce7367046cead77355a8a4d9__0  slide-1 slide-odd'><div data-rel='slideshow-1' class='avia-slide-wrap '  title='Campanario San Xoan' ><img decoding=\"async\" fetchpriority=\"high\" class=\"wp-image-1849 avia-img-lazy-loading-not-1849\"  src=\"https:\/\/campanariodesanxoan.com\/wp-content\/uploads\/2020\/08\/campanario1-226-3-1500x630.jpg\" width=\"1500\" height=\"630\" title='Campanario San Xoan' alt='Campanario San Xoan'  itemprop=\"thumbnailUrl\"   \/><\/div><\/li><li  class='avia-slideshow-slide av-ke1ltzg4-b3aa8e50ce7367046cead77355a8a4d9__1  slide-2 slide-even'><div data-rel='slideshow-1' class='avia-slide-wrap '  title='Campanario San Xoan' ><img decoding=\"async\" fetchpriority=\"high\" class=\"wp-image-1847 avia-img-lazy-loading-not-1847\"  src=\"https:\/\/campanariodesanxoan.com\/wp-content\/uploads\/2020\/08\/campanario1-313-1500x630.jpg\" width=\"1500\" height=\"630\" title='Campanario San Xoan' alt='Campanario San Xoan'  itemprop=\"thumbnailUrl\"   \/><\/div><\/li><li  class='avia-slideshow-slide av-ke1ltzg4-b3aa8e50ce7367046cead77355a8a4d9__2  slide-3 slide-odd'><div data-rel='slideshow-1' class='avia-slide-wrap '  title='Campanario San Xoan' ><img decoding=\"async\" fetchpriority=\"high\" class=\"wp-image-1846 avia-img-lazy-loading-not-1846\"  src=\"https:\/\/campanariodesanxoan.com\/wp-content\/uploads\/2020\/08\/campanario1-189-1500x630.jpg\" width=\"1500\" height=\"630\" title='Campanario San Xoan' alt='Campanario San Xoan'  itemprop=\"thumbnailUrl\"   \/><\/div><\/li><li  class='avia-slideshow-slide av-ke1ltzg4-b3aa8e50ce7367046cead77355a8a4d9__3  slide-4 slide-even'><div data-rel='slideshow-1' class='avia-slide-wrap '  title='Campanario San Xoan' ><img decoding=\"async\" fetchpriority=\"high\" class=\"wp-image-1845 avia-img-lazy-loading-not-1845\"  src=\"https:\/\/campanariodesanxoan.com\/wp-content\/uploads\/2020\/08\/campanario1-135-3-1500x630.jpg\" width=\"1500\" height=\"630\" title='Campanario San Xoan' alt='Campanario San Xoan'  itemprop=\"thumbnailUrl\"   \/><\/div><\/li><li  class='avia-slideshow-slide av-ke1ltzg4-b3aa8e50ce7367046cead77355a8a4d9__4  slide-5 slide-odd'><div data-rel='slideshow-1' class='avia-slide-wrap '  title='Campanario San Xoan' ><img decoding=\"async\" fetchpriority=\"high\" class=\"wp-image-1848 avia-img-lazy-loading-not-1848\"  src=\"https:\/\/campanariodesanxoan.com\/wp-content\/uploads\/2020\/08\/campanario1-165-3-1155x630.jpg\" width=\"1155\" height=\"630\" title='Campanario San Xoan' alt='Campanario San Xoan'  itemprop=\"thumbnailUrl\"   \/><\/div><\/li><\/ul><div class='avia-slideshow-arrows avia-slideshow-controls' ><a href='#prev' class='prev-slide  avia-svg-icon avia-font-svg_entypo-fontello' data-av_svg_icon='left-open-big' data-av_iconset='svg_entypo-fontello' tabindex='-1' title=\"Anterior\"><svg version=\"1.1\" xmlns=\"http:\/\/www.w3.org\/2000\/svg\" width=\"15\" height=\"32\" viewBox=\"0 0 15 32\" preserveAspectRatio=\"xMidYMid meet\" aria-labelledby='av-svg-title-1' aria-describedby='av-svg-desc-1' role=\"graphics-symbol\" aria-hidden=\"true\">\n<title id='av-svg-title-1'>Anterior<\/title>\n<desc id='av-svg-desc-1'>Anterior<\/desc>\n<path d=\"M14.464 27.84q0.832 0.832 0 1.536-0.832 0.832-1.536 0l-12.544-12.608q-0.768-0.768 0-1.6l12.544-12.608q0.704-0.832 1.536 0 0.832 0.704 0 1.536l-11.456 11.904z\"><\/path>\n<\/svg><span class='avia_hidden_link_text'>Anterior<\/span><\/a><a href='#next' class='next-slide  avia-svg-icon avia-font-svg_entypo-fontello' data-av_svg_icon='right-open-big' data-av_iconset='svg_entypo-fontello' tabindex='-1' title=\"Posterior\"><svg version=\"1.1\" xmlns=\"http:\/\/www.w3.org\/2000\/svg\" width=\"15\" height=\"32\" viewBox=\"0 0 15 32\" preserveAspectRatio=\"xMidYMid meet\" aria-labelledby='av-svg-title-2' aria-describedby='av-svg-desc-2' role=\"graphics-symbol\" aria-hidden=\"true\">\n<title id='av-svg-title-2'>Posterior<\/title>\n<desc id='av-svg-desc-2'>Posterior<\/desc>\n<path d=\"M0.416 27.84l11.456-11.84-11.456-11.904q-0.832-0.832 0-1.536 0.832-0.832 1.536 0l12.544 12.608q0.768 0.832 0 1.6l-12.544 12.608q-0.704 0.832-1.536 0-0.832-0.704 0-1.536z\"><\/path>\n<\/svg><span class='avia_hidden_link_text'>Posterior<\/span><\/a><\/div><div class='avia-slideshow-dots avia-slideshow-controls'><a href='#1' class='goto-slide active' >1<\/a><a href='#2' class='goto-slide ' >2<\/a><a href='#3' class='goto-slide ' >3<\/a><a href='#4' class='goto-slide ' >4<\/a><a href='#5' class='goto-slide ' >5<\/a><\/div><\/div><\/div>\n\n<style type=\"text\/css\" data-created_by=\"avia_inline_auto\" id=\"style-css-av-fd22j-05777bd8693371ca449755d553d448ec\">\n.avia-section.av-fd22j-05777bd8693371ca449755d553d448ec .av-section-color-overlay{\nopacity:0.5;\nbackground-image:url(https:\/\/campanariodesanxoan.com\/wp-content\/themes\/enfold\/images\/background-images\/floral-dark.png);\nbackground-repeat:repeat;\n}\n<\/style>\n<div id='av_section_1'  class='avia-section av-fd22j-05777bd8693371ca449755d553d448ec main_color avia-section-default avia-no-border-styling  avia-builder-el-1  el_after_av_slideshow_full  avia-builder-el-last  avia-bg-style-scroll av-section-color-overlay-active container_wrap fullsize'  ><div class=\"av-section-color-overlay-wrap\"><div class=\"av-section-color-overlay\"><\/div><div class='container av-section-cont-open' ><div class='template-page content  av-content-full alpha units'><div class='post-entry post-entry-type-page post-entry-451'><div class='entry-content-wrapper clearfix'>\n\n<style type=\"text\/css\" data-created_by=\"avia_inline_auto\" id=\"style-css-av-av_heading-c5dba7a6f3dc80e89b9be70157775ff6\">\n#top .av-special-heading.av-av_heading-c5dba7a6f3dc80e89b9be70157775ff6{\npadding-bottom:10px;\ncolor:#31653b;\n}\nbody .av-special-heading.av-av_heading-c5dba7a6f3dc80e89b9be70157775ff6 .av-special-heading-tag .heading-char{\nfont-size:25px;\n}\n.av-special-heading.av-av_heading-c5dba7a6f3dc80e89b9be70157775ff6 .special-heading-inner-border{\nborder-color:#31653b;\n}\n.av-special-heading.av-av_heading-c5dba7a6f3dc80e89b9be70157775ff6 .av-subheading{\nfont-size:15px;\n}\n<\/style>\n<div  class='av-special-heading av-av_heading-c5dba7a6f3dc80e89b9be70157775ff6 av-special-heading-h3 custom-color-heading  avia-builder-el-2  el_before_av_one_full  avia-builder-el-first  av-linked-heading'><h3 class='av-special-heading-tag '  itemprop=\"headline\"  >\u00bfQu\u00e9 es un campanario?<\/h3><div class=\"special-heading-border\"><div class=\"special-heading-inner-border\"><\/div><\/div><\/div>\n\n<style type=\"text\/css\" data-created_by=\"avia_inline_auto\" id=\"style-css-av-um77-6fcc31be17e3e698d7416b425bd7bc70\">\n.flex_column.av-um77-6fcc31be17e3e698d7416b425bd7bc70{\nborder-radius:0px 0px 0px 0px;\npadding:0px 0px 0px 0px;\n}\n<\/style>\n<div  class='flex_column av-um77-6fcc31be17e3e698d7416b425bd7bc70 av_one_full  avia-builder-el-3  el_after_av_heading  el_before_av_heading  first flex_column_div av-zero-column-padding  '     ><section  class='av_textblock_section av-ju4eykdw-51214adec703523a43de2cbc11a51819 '   itemscope=\"itemscope\" itemtype=\"https:\/\/schema.org\/CreativeWork\" ><div class='avia_textblock'  itemprop=\"text\" ><p>Un campanario o campanil (voz derivada del italiano, campanile) es una estructura adosada o exenta a una catedral, bas\u00edlica, iglesia o capilla, donde se colocan las campanas, con la finalidad de convocar la asistencia de los feligreses al servicio religioso o a los ciudadanos en general.<\/p>\n<\/div><\/section><\/div>\n<style type=\"text\/css\" data-created_by=\"avia_inline_auto\" id=\"style-css-av-av_heading-fe1d762a3b312b5a252aae739602260e\">\n#top .av-special-heading.av-av_heading-fe1d762a3b312b5a252aae739602260e{\npadding-bottom:10px;\ncolor:#31653b;\n}\nbody .av-special-heading.av-av_heading-fe1d762a3b312b5a252aae739602260e .av-special-heading-tag .heading-char{\nfont-size:25px;\n}\n.av-special-heading.av-av_heading-fe1d762a3b312b5a252aae739602260e .special-heading-inner-border{\nborder-color:#31653b;\n}\n.av-special-heading.av-av_heading-fe1d762a3b312b5a252aae739602260e .av-subheading{\nfont-size:15px;\n}\n<\/style>\n<div  class='av-special-heading av-av_heading-fe1d762a3b312b5a252aae739602260e av-special-heading-h3 custom-color-heading  avia-builder-el-5  el_after_av_one_full  el_before_av_one_full  av-linked-heading'><h3 class='av-special-heading-tag '  itemprop=\"headline\"  >Las campanas y sus sonidos<\/h3><div class=\"special-heading-border\"><div class=\"special-heading-inner-border\"><\/div><\/div><\/div>\n\n<style type=\"text\/css\" data-created_by=\"avia_inline_auto\" id=\"style-css-av-1oy737-818a5f41eb37bb0349ce98201c5ec984\">\n.flex_column.av-1oy737-818a5f41eb37bb0349ce98201c5ec984{\nborder-radius:0px 0px 0px 0px;\npadding:0px 0px 0px 0px;\n}\n<\/style>\n<div  class='flex_column av-1oy737-818a5f41eb37bb0349ce98201c5ec984 av_one_full  avia-builder-el-6  el_after_av_heading  el_before_av_hr  first flex_column_div av-zero-column-padding  '     ><section  class='av_textblock_section av-ju4hguld-19c4f724b146cd51b0edbfb5563c940d '   itemscope=\"itemscope\" itemtype=\"https:\/\/schema.org\/CreativeWork\" ><div class='avia_textblock'  itemprop=\"text\" ><p>La campana, hecha de bronce y con badajo de hierro, fue introducida por el cristianismo, implant\u00e1ndose por primera vez en Italia en el S.VI, de la mano de los monjes benedictinos. En el s.XII, la fabricaci\u00f3n de las campanas pas\u00f3 a manos de los laicos; se hicieron m\u00e1s grandes y se construyeron torres para colocarlas para que su sonido se pudiera escuchar m\u00e1s lejos.<\/p>\n<p>El toque de campana forma parte de la vida cotidiana, se puede decir que hablan a trav\u00e9s de sus ta\u00f1idos, avisando a las gentes de los acontecimientos cotidianos o extraordinarios m\u00e1s diversos.<\/p>\n<p>La mixtura de los sonidos se halla determinada por la forma, el espesor de la pared de la campana, el tama\u00f1o y el peso.<\/p>\n<p>Vamos a ver alguno de los toques de campana m\u00e1s conocido.<\/p>\n<\/div><\/section><\/div><div  class='hr av-ju5erwhn-9d4d22674e6857f706e8d1899aedbdf4 hr-short  avia-builder-el-8  el_after_av_one_full  el_before_av_one_half  hr-center'><span class='hr-inner '><span class=\"hr-inner-style\"><\/span><\/span><\/div>\n\n<style type=\"text\/css\" data-created_by=\"avia_inline_auto\" id=\"style-css-av-1ka45v-7db6ad2471de376baeb0d43094273254\">\n.flex_column.av-1ka45v-7db6ad2471de376baeb0d43094273254{\nborder-radius:0px 0px 0px 0px;\npadding:0px 0px 0px 0px;\n}\n<\/style>\n<div  class='flex_column av-1ka45v-7db6ad2471de376baeb0d43094273254 av_one_half  avia-builder-el-9  el_after_av_hr  el_before_av_one_half  first flex_column_div av-zero-column-padding  '     ><style type=\"text\/css\" data-created_by=\"avia_inline_auto\" id=\"style-css-av-ju4hokkp-d31b20db31c8c723cef91becab21ba16\">\n#top .avia-icon-list-container.av-ju4hokkp-d31b20db31c8c723cef91becab21ba16 .iconlist_icon{\nbackground-color:#31653b;\n}\n#top #wrap_all .avia-icon-list-container.av-ju4hokkp-d31b20db31c8c723cef91becab21ba16 .av_iconlist_title{\ncolor:#31653b;\n}\n.avia-icon-list-container.av-ju4hokkp-d31b20db31c8c723cef91becab21ba16 .iconlist_content{\ncolor:#635b63;\n}\n<\/style>\n<div  class='avia-icon-list-container av-ju4hokkp-d31b20db31c8c723cef91becab21ba16  avia-builder-el-10  avia-builder-el-no-sibling '><ul class='avia-icon-list avia_animate_when_almost_visible avia-icon-list-left av-iconlist-big av-ju4hokkp-d31b20db31c8c723cef91becab21ba16 avia-iconlist-animate'>\n<li><div class='iconlist_icon av-av_iconlist_item-0c21b0403283cfd9b1e5fbed14190da1 avia-font-entypo-fontello avia-iconfont avia-font-entypo-fontello'><span class='av-icon-char' data-av_icon='\ue83d' data-av_iconfont='entypo-fontello' aria-hidden=\"true\"><\/span><\/div><article class=\"article-icon-entry \"  itemscope=\"itemscope\" itemtype=\"https:\/\/schema.org\/CreativeWork\" ><div class=\"iconlist_content_wrap\"><header class=\"entry-content-header\" aria-label=\"Icon: Toque de difuntos\"><h4 class='av_iconlist_title iconlist_title  av_inherit_color'  itemprop=\"headline\" >Toque de difuntos<\/h4><\/header><div class='iconlist_content av_inherit_color'  itemprop=\"text\" ><p>Tiene una gran duraci\u00f3n, con un cambio lento y paulatino. En algunos pueblos, si el fallecido era un ni\u00f1o se tocaba a Gloria: es una mezcla de alegr\u00eda, por la creencia en una vida mejor, y de tristeza, por el hecho de la muerte en si misma.<\/p>\n<audio class=\"wp-audio-shortcode\" id=\"audio-451-1\" preload=\"none\" style=\"width: 100%;\" controls=\"controls\"><source type=\"audio\/mpeg\" src=\"https:\/\/campanariodesanxoan.com\/wp-content\/uploads\/2019\/04\/enterro.mp3?_=1\" \/><a href=\"https:\/\/campanariodesanxoan.com\/wp-content\/uploads\/2019\/04\/enterro.mp3\">https:\/\/campanariodesanxoan.com\/wp-content\/uploads\/2019\/04\/enterro.mp3<\/a><\/audio>\n<\/div><\/div><footer class=\"entry-footer\"><\/footer><\/article><div class=\"iconlist-timeline\"><\/div><\/li>\n<li><div class='iconlist_icon av-av_iconlist_item-469543ab77c1862342805268c247361c avia-font-entypo-fontello avia-iconfont avia-font-entypo-fontello'><span class='av-icon-char' data-av_icon='\ue83d' data-av_iconfont='entypo-fontello' aria-hidden=\"true\"><\/span><\/div><article class=\"article-icon-entry \"  itemscope=\"itemscope\" itemtype=\"https:\/\/schema.org\/CreativeWork\" ><div class=\"iconlist_content_wrap\"><header class=\"entry-content-header\" aria-label=\"Icon: Toque de arrebato o fuego\"><h4 class='av_iconlist_title iconlist_title  av_inherit_color'  itemprop=\"headline\" >Toque de arrebato o fuego<\/h4><\/header><div class='iconlist_content av_inherit_color'  itemprop=\"text\" ><p>Es insistente, convocaba a los vecinos con motivo de la declaraci\u00f3n de un fuego.<\/p>\n<audio class=\"wp-audio-shortcode\" id=\"audio-451-2\" preload=\"none\" style=\"width: 100%;\" controls=\"controls\"><source type=\"audio\/mpeg\" src=\"https:\/\/campanariodesanxoan.com\/wp-content\/uploads\/2019\/04\/incendio.mp3?_=2\" \/><a href=\"https:\/\/campanariodesanxoan.com\/wp-content\/uploads\/2019\/04\/incendio.mp3\">https:\/\/campanariodesanxoan.com\/wp-content\/uploads\/2019\/04\/incendio.mp3<\/a><\/audio>\n<\/div><\/div><footer class=\"entry-footer\"><\/footer><\/article><div class=\"iconlist-timeline\"><\/div><\/li>\n<li><div class='iconlist_icon av-av_iconlist_item-7de3bc8d59e1c0316f30c5588c16b0a7 avia-font-entypo-fontello avia-iconfont avia-font-entypo-fontello'><span class='av-icon-char' data-av_icon='\ue83d' data-av_iconfont='entypo-fontello' aria-hidden=\"true\"><\/span><\/div><article class=\"article-icon-entry \"  itemscope=\"itemscope\" itemtype=\"https:\/\/schema.org\/CreativeWork\" ><div class=\"iconlist_content_wrap\"><header class=\"entry-content-header\" aria-label=\"Icon: Toque de fiesta\"><h4 class='av_iconlist_title iconlist_title  av_inherit_color'  itemprop=\"headline\" >Toque de fiesta<\/h4><\/header><div class='iconlist_content av_inherit_color'  itemprop=\"text\" ><p>Anuncia el d\u00eda de la fiesta y el a\u00f1o nuevo.<\/p>\n<audio class=\"wp-audio-shortcode\" id=\"audio-451-3\" preload=\"none\" style=\"width: 100%;\" controls=\"controls\"><source type=\"audio\/mpeg\" src=\"https:\/\/campanariodesanxoan.com\/wp-content\/uploads\/2019\/04\/festa.mp3?_=3\" \/><a href=\"https:\/\/campanariodesanxoan.com\/wp-content\/uploads\/2019\/04\/festa.mp3\">https:\/\/campanariodesanxoan.com\/wp-content\/uploads\/2019\/04\/festa.mp3<\/a><\/audio>\n<\/div><\/div><footer class=\"entry-footer\"><\/footer><\/article><div class=\"iconlist-timeline\"><\/div><\/li>\n<li><div class='iconlist_icon av-av_iconlist_item-b334def059ff2a3a57ac9090b9e041d4 avia-font-entypo-fontello avia-iconfont avia-font-entypo-fontello'><span class='av-icon-char' data-av_icon='\ue83d' data-av_iconfont='entypo-fontello' aria-hidden=\"true\"><\/span><\/div><article class=\"article-icon-entry \"  itemscope=\"itemscope\" itemtype=\"https:\/\/schema.org\/CreativeWork\" ><div class=\"iconlist_content_wrap\"><header class=\"entry-content-header\" aria-label=\"Icon: Toque del Angelus\"><h4 class='av_iconlist_title iconlist_title  av_inherit_color'  itemprop=\"headline\" >Toque del Angelus<\/h4><\/header><div class='iconlist_content av_inherit_color'  itemprop=\"text\" ><p>Tiene lugar a las 12 del mediod\u00eda para anunciar el Angelus.<\/p>\n<audio class=\"wp-audio-shortcode\" id=\"audio-451-4\" preload=\"none\" style=\"width: 100%;\" controls=\"controls\"><source type=\"audio\/mpeg\" src=\"https:\/\/campanariodesanxoan.com\/wp-content\/uploads\/2019\/04\/angelus.mp3?_=4\" \/><a href=\"https:\/\/campanariodesanxoan.com\/wp-content\/uploads\/2019\/04\/angelus.mp3\">https:\/\/campanariodesanxoan.com\/wp-content\/uploads\/2019\/04\/angelus.mp3<\/a><\/audio>\n<\/div><\/div><footer class=\"entry-footer\"><\/footer><\/article><div class=\"iconlist-timeline\"><\/div><\/li>\n<\/ul><\/div><\/div>\n<style type=\"text\/css\" data-created_by=\"avia_inline_auto\" id=\"style-css-av-qwe8b-a1d63da80030dcaf0f2a27082b5db476\">\n.flex_column.av-qwe8b-a1d63da80030dcaf0f2a27082b5db476{\nborder-radius:0px 0px 0px 0px;\npadding:0px 0px 0px 0px;\n}\n<\/style>\n<div  class='flex_column av-qwe8b-a1d63da80030dcaf0f2a27082b5db476 av_one_half  avia-builder-el-11  el_after_av_one_half  el_before_av_hr  flex_column_div av-zero-column-padding  '     ><style type=\"text\/css\" data-created_by=\"avia_inline_auto\" id=\"style-css-av-ju4hokkp-d31b20db31c8c723cef91becab21ba16\">\n#top .avia-icon-list-container.av-ju4hokkp-d31b20db31c8c723cef91becab21ba16 .iconlist_icon{\nbackground-color:#31653b;\n}\n#top #wrap_all .avia-icon-list-container.av-ju4hokkp-d31b20db31c8c723cef91becab21ba16 .av_iconlist_title{\ncolor:#31653b;\n}\n.avia-icon-list-container.av-ju4hokkp-d31b20db31c8c723cef91becab21ba16 .iconlist_content{\ncolor:#635b63;\n}\n<\/style>\n<div  class='avia-icon-list-container av-ju4hokkp-d31b20db31c8c723cef91becab21ba16  avia-builder-el-12  avia-builder-el-no-sibling '><ul class='avia-icon-list avia_animate_when_almost_visible avia-icon-list-left av-iconlist-big av-ju4hokkp-d31b20db31c8c723cef91becab21ba16 avia-iconlist-animate'>\n<li><div class='iconlist_icon av-av_iconlist_item-24896e33122a3ef2225f31566ffcd685 avia-font-entypo-fontello avia-iconfont avia-font-entypo-fontello'><span class='av-icon-char' data-av_icon='\ue83d' data-av_iconfont='entypo-fontello' aria-hidden=\"true\"><\/span><\/div><article class=\"article-icon-entry \"  itemscope=\"itemscope\" itemtype=\"https:\/\/schema.org\/CreativeWork\" ><div class=\"iconlist_content_wrap\"><header class=\"entry-content-header\" aria-label=\"Icon: Toque de concejo\"><h4 class='av_iconlist_title iconlist_title  av_inherit_color'  itemprop=\"headline\" >Toque de concejo<\/h4><\/header><div class='iconlist_content av_inherit_color'  itemprop=\"text\" ><p>Convoca a los vecinos para resolver alg\u00fan problema.<\/p>\n<audio class=\"wp-audio-shortcode\" id=\"audio-451-5\" preload=\"none\" style=\"width: 100%;\" controls=\"controls\"><source type=\"audio\/mpeg\" src=\"https:\/\/campanariodesanxoan.com\/wp-content\/uploads\/2019\/04\/concejo.mp3?_=5\" \/><a href=\"https:\/\/campanariodesanxoan.com\/wp-content\/uploads\/2019\/04\/concejo.mp3\">https:\/\/campanariodesanxoan.com\/wp-content\/uploads\/2019\/04\/concejo.mp3<\/a><\/audio>\n<\/div><\/div><footer class=\"entry-footer\"><\/footer><\/article><div class=\"iconlist-timeline\"><\/div><\/li>\n<li><div class='iconlist_icon av-av_iconlist_item-a65438dba60e8364c4ba0d41bba1795e avia-font-entypo-fontello avia-iconfont avia-font-entypo-fontello'><span class='av-icon-char' data-av_icon='\ue83d' data-av_iconfont='entypo-fontello' aria-hidden=\"true\"><\/span><\/div><article class=\"article-icon-entry \"  itemscope=\"itemscope\" itemtype=\"https:\/\/schema.org\/CreativeWork\" ><div class=\"iconlist_content_wrap\"><header class=\"entry-content-header\" aria-label=\"Icon: Toque a misa\"><h4 class='av_iconlist_title iconlist_title  av_inherit_color'  itemprop=\"headline\" >Toque a misa<\/h4><\/header><div class='iconlist_content av_inherit_color'  itemprop=\"text\" ><p>Es uno de los pocos toques que quedan.<\/p>\n<audio class=\"wp-audio-shortcode\" id=\"audio-451-6\" preload=\"none\" style=\"width: 100%;\" controls=\"controls\"><source type=\"audio\/mpeg\" src=\"https:\/\/campanariodesanxoan.com\/wp-content\/uploads\/2019\/04\/chamadaMisa.mp3?_=6\" \/><a href=\"https:\/\/campanariodesanxoan.com\/wp-content\/uploads\/2019\/04\/chamadaMisa.mp3\">https:\/\/campanariodesanxoan.com\/wp-content\/uploads\/2019\/04\/chamadaMisa.mp3<\/a><\/audio>\n<\/div><\/div><footer class=\"entry-footer\"><\/footer><\/article><div class=\"iconlist-timeline\"><\/div><\/li>\n<li><div class='iconlist_icon av-av_iconlist_item-ab576cd0192aa4af2aa56fe981fc7140 avia-font-entypo-fontello avia-iconfont avia-font-entypo-fontello'><span class='av-icon-char' data-av_icon='\ue83d' data-av_iconfont='entypo-fontello' aria-hidden=\"true\"><\/span><\/div><article class=\"article-icon-entry \"  itemscope=\"itemscope\" itemtype=\"https:\/\/schema.org\/CreativeWork\" ><div class=\"iconlist_content_wrap\"><header class=\"entry-content-header\" aria-label=\"Icon: Toque de nublado\"><h4 class='av_iconlist_title iconlist_title  av_inherit_color'  itemprop=\"headline\" >Toque de nublado<\/h4><\/header><div class='iconlist_content av_inherit_color'  itemprop=\"text\" ><p>Exist\u00eda la idea de que los toques de campana evitaban el granizo y atra\u00edan el agua.<\/p>\n<audio class=\"wp-audio-shortcode\" id=\"audio-451-7\" preload=\"none\" style=\"width: 100%;\" controls=\"controls\"><source type=\"audio\/mpeg\" src=\"https:\/\/campanariodesanxoan.com\/wp-content\/uploads\/2019\/04\/nublado.mp3?_=7\" \/><a href=\"https:\/\/campanariodesanxoan.com\/wp-content\/uploads\/2019\/04\/nublado.mp3\">https:\/\/campanariodesanxoan.com\/wp-content\/uploads\/2019\/04\/nublado.mp3<\/a><\/audio>\n<\/div><\/div><footer class=\"entry-footer\"><\/footer><\/article><div class=\"iconlist-timeline\"><\/div><\/li>\n<\/ul><\/div><\/div><div  class='hr av-ju5es5g6-feeb74eafba09b89dfa8a0fc52002d4c hr-short  avia-builder-el-13  el_after_av_one_half  avia-builder-el-last  hr-center'><span class='hr-inner '><span class=\"hr-inner-style\"><\/span><\/span><\/div>\n\n","protected":false},"excerpt":{"rendered":"","protected":false},"author":2,"featured_media":0,"parent":0,"menu_order":0,"comment_status":"closed","ping_status":"closed","template":"","meta":{"footnotes":""},"class_list":["post-451","page","type-page","status-publish","hentry"],"_links":{"self":[{"href":"https:\/\/campanariodesanxoan.com\/index.php\/wp-json\/wp\/v2\/pages\/451","targetHints":{"allow":["GET"]}}],"collection":[{"href":"https:\/\/campanariodesanxoan.com\/index.php\/wp-json\/wp\/v2\/pages"}],"about":[{"href":"https:\/\/campanariodesanxoan.com\/index.php\/wp-json\/wp\/v2\/types\/page"}],"author":[{"embeddable":true,"href":"https:\/\/campanariodesanxoan.com\/index.php\/wp-json\/wp\/v2\/users\/2"}],"replies":[{"embeddable":true,"href":"https:\/\/campanariodesanxoan.com\/index.php\/wp-json\/wp\/v2\/comments?post=451"}],"version-history":[{"count":0,"href":"https:\/\/campanariodesanxoan.com\/index.php\/wp-json\/wp\/v2\/pages\/451\/revisions"}],"wp:attachment":[{"href":"https:\/\/campanariodesanxoan.com\/index.php\/wp-json\/wp\/v2\/media?parent=451"}],"curies":[{"name":"wp","href":"https:\/\/api.w.org\/{rel}","templated":true}]}}