{"id":488,"date":"2019-04-06T13:25:52","date_gmt":"2019-04-06T11:25:52","guid":{"rendered":"https:\/\/campanariodesanxoan.com\/?page_id=488"},"modified":"2020-09-16T17:38:20","modified_gmt":"2020-09-16T15:38:20","slug":"que-e-un-campanario","status":"publish","type":"page","link":"https:\/\/campanariodesanxoan.com\/index.php\/gl\/que-e-un-campanario\/","title":{"rendered":"\u00bfQu\u00e9 \u00e9 un campanario?"},"content":{"rendered":"<div id='full_slider_1'  class='avia-fullwidth-slider main_color avia-shadow   avia-builder-el-0  el_before_av_section  avia-builder-el-first   container_wrap fullsize'  ><div  class='avia-slideshow av-ocx4-1f943777e053c1f8d82bae12c8bc4c27 avia-slideshow-featured_large av_slideshow_full avia-fade-slider av-slideshow-ui av-control-default av-slideshow-autoplay av-loop-endless av-loop-manual-endless av-default-height-applied   avia-slideshow-1' data-slideshow-options=\"{&quot;animation&quot;:&quot;fade&quot;,&quot;autoplay&quot;:true,&quot;loop_autoplay&quot;:&quot;endless&quot;,&quot;interval&quot;:5,&quot;loop_manual&quot;:&quot;manual-endless&quot;,&quot;autoplay_stopper&quot;:false,&quot;noNavigation&quot;:false,&quot;bg_slider&quot;:false,&quot;keep_padding&quot;:false,&quot;hoverpause&quot;:false,&quot;show_slide_delay&quot;:0}\"  itemprop=\"image\" itemscope=\"itemscope\" itemtype=\"https:\/\/schema.org\/ImageObject\" ><ul class='avia-slideshow-inner ' style='padding-bottom: 42%;'><li  class='avia-slideshow-slide av-ocx4-1f943777e053c1f8d82bae12c8bc4c27__0  slide-1 slide-odd'><div data-rel='slideshow-1' class='avia-slide-wrap '  title='Campanario San Xoan' ><img decoding=\"async\" fetchpriority=\"high\" class=\"wp-image-1855 avia-img-lazy-loading-not-1855\"  src=\"https:\/\/campanariodesanxoan.com\/wp-content\/uploads\/2020\/08\/campanario1-226-1500x630.jpg\" width=\"1500\" height=\"630\" title='Campanario San Xoan' alt='Campanario San Xoan'  itemprop=\"thumbnailUrl\"   \/><\/div><\/li><li  class='avia-slideshow-slide av-ocx4-1f943777e053c1f8d82bae12c8bc4c27__1  slide-2 slide-even'><div data-rel='slideshow-1' class='avia-slide-wrap '  title='Campanario San Xoan' ><img decoding=\"async\" fetchpriority=\"high\" class=\"wp-image-1853 avia-img-lazy-loading-not-1853\"  src=\"https:\/\/campanariodesanxoan.com\/wp-content\/uploads\/2020\/08\/campanario1-313-1-1500x630.jpg\" width=\"1500\" height=\"630\" title='Campanario San Xoan' alt='Campanario San Xoan'  itemprop=\"thumbnailUrl\"   \/><\/div><\/li><li  class='avia-slideshow-slide av-ocx4-1f943777e053c1f8d82bae12c8bc4c27__2  slide-3 slide-odd'><div data-rel='slideshow-1' class='avia-slide-wrap '  title='Campanario San Xoan' ><img decoding=\"async\" fetchpriority=\"high\" class=\"wp-image-1852 avia-img-lazy-loading-not-1852\"  src=\"https:\/\/campanariodesanxoan.com\/wp-content\/uploads\/2020\/08\/campanario1-189-1-1500x630.jpg\" width=\"1500\" height=\"630\" title='Campanario San Xoan' alt='Campanario San Xoan'  itemprop=\"thumbnailUrl\"   \/><\/div><\/li><li  class='avia-slideshow-slide av-ocx4-1f943777e053c1f8d82bae12c8bc4c27__3  slide-4 slide-even'><div data-rel='slideshow-1' class='avia-slide-wrap '  title='Campanario San Xoan' ><img decoding=\"async\" fetchpriority=\"high\" class=\"wp-image-1851 avia-img-lazy-loading-not-1851\"  src=\"https:\/\/campanariodesanxoan.com\/wp-content\/uploads\/2020\/08\/campanario1-135-1500x630.jpg\" width=\"1500\" height=\"630\" title='Campanario San Xoan' alt='Campanario San Xoan'  itemprop=\"thumbnailUrl\"   \/><\/div><\/li><li  class='avia-slideshow-slide av-ocx4-1f943777e053c1f8d82bae12c8bc4c27__4  slide-5 slide-odd'><div data-rel='slideshow-1' class='avia-slide-wrap '  title='Campanario San Xoan' ><img decoding=\"async\" fetchpriority=\"high\" class=\"wp-image-1753 avia-img-lazy-loading-not-1753\"  src=\"https:\/\/campanariodesanxoan.com\/wp-content\/uploads\/2020\/08\/campanario1-165-1-1155x630.jpg\" width=\"1155\" height=\"630\" title='Campanario San Xoan' alt='Campanario San Xoan'  itemprop=\"thumbnailUrl\"   \/><\/div><\/li><\/ul><div class='avia-slideshow-arrows avia-slideshow-controls' ><a href='#prev' class='prev-slide  avia-svg-icon avia-font-svg_entypo-fontello' data-av_svg_icon='left-open-big' data-av_iconset='svg_entypo-fontello' tabindex='-1' title=\"Anterior\"><svg version=\"1.1\" xmlns=\"http:\/\/www.w3.org\/2000\/svg\" width=\"15\" height=\"32\" viewBox=\"0 0 15 32\" preserveAspectRatio=\"xMidYMid meet\" aria-labelledby='av-svg-title-1' aria-describedby='av-svg-desc-1' role=\"graphics-symbol\" aria-hidden=\"true\">\n<title id='av-svg-title-1'>Anterior<\/title>\n<desc id='av-svg-desc-1'>Anterior<\/desc>\n<path d=\"M14.464 27.84q0.832 0.832 0 1.536-0.832 0.832-1.536 0l-12.544-12.608q-0.768-0.768 0-1.6l12.544-12.608q0.704-0.832 1.536 0 0.832 0.704 0 1.536l-11.456 11.904z\"><\/path>\n<\/svg><span class='avia_hidden_link_text'>Anterior<\/span><\/a><a href='#next' class='next-slide  avia-svg-icon avia-font-svg_entypo-fontello' data-av_svg_icon='right-open-big' data-av_iconset='svg_entypo-fontello' tabindex='-1' title=\"Posterior\"><svg version=\"1.1\" xmlns=\"http:\/\/www.w3.org\/2000\/svg\" width=\"15\" height=\"32\" viewBox=\"0 0 15 32\" preserveAspectRatio=\"xMidYMid meet\" aria-labelledby='av-svg-title-2' aria-describedby='av-svg-desc-2' role=\"graphics-symbol\" aria-hidden=\"true\">\n<title id='av-svg-title-2'>Posterior<\/title>\n<desc id='av-svg-desc-2'>Posterior<\/desc>\n<path d=\"M0.416 27.84l11.456-11.84-11.456-11.904q-0.832-0.832 0-1.536 0.832-0.832 1.536 0l12.544 12.608q0.768 0.832 0 1.6l-12.544 12.608q-0.704 0.832-1.536 0-0.832-0.704 0-1.536z\"><\/path>\n<\/svg><span class='avia_hidden_link_text'>Posterior<\/span><\/a><\/div><div class='avia-slideshow-dots avia-slideshow-controls'><a href='#1' class='goto-slide active' >1<\/a><a href='#2' class='goto-slide ' >2<\/a><a href='#3' class='goto-slide ' >3<\/a><a href='#4' class='goto-slide ' >4<\/a><a href='#5' class='goto-slide ' >5<\/a><\/div><\/div><\/div>\n\n<style type=\"text\/css\" data-created_by=\"avia_inline_auto\" id=\"style-css-av-ju5f8lib-46bde75eec3fcf4dc88d526093a96c22\">\n.avia-section.av-ju5f8lib-46bde75eec3fcf4dc88d526093a96c22 .av-section-color-overlay{\nopacity:0.5;\nbackground-image:url(https:\/\/campanariodesanxoan.com\/wp-content\/themes\/enfold\/images\/background-images\/floral-dark.png);\nbackground-repeat:repeat;\n}\n<\/style>\n<div id='av_section_1'  class='avia-section av-ju5f8lib-46bde75eec3fcf4dc88d526093a96c22 main_color avia-section-default avia-no-border-styling  avia-builder-el-1  el_after_av_slideshow_full  avia-builder-el-last  avia-bg-style-scroll av-section-color-overlay-active container_wrap fullsize'  ><div class=\"av-section-color-overlay-wrap\"><div class=\"av-section-color-overlay\"><\/div><div class='container av-section-cont-open' ><div class='template-page content  av-content-full alpha units'><div class='post-entry post-entry-type-page post-entry-488'><div class='entry-content-wrapper clearfix'>\n\n<style type=\"text\/css\" data-created_by=\"avia_inline_auto\" id=\"style-css-av-av_heading-95e93f85ab05b252406c24d58d94ded2\">\n#top .av-special-heading.av-av_heading-95e93f85ab05b252406c24d58d94ded2{\npadding-bottom:10px;\ncolor:#31653b;\n}\nbody .av-special-heading.av-av_heading-95e93f85ab05b252406c24d58d94ded2 .av-special-heading-tag .heading-char{\nfont-size:25px;\n}\n.av-special-heading.av-av_heading-95e93f85ab05b252406c24d58d94ded2 .special-heading-inner-border{\nborder-color:#31653b;\n}\n.av-special-heading.av-av_heading-95e93f85ab05b252406c24d58d94ded2 .av-subheading{\nfont-size:15px;\n}\n<\/style>\n<div  class='av-special-heading av-av_heading-95e93f85ab05b252406c24d58d94ded2 av-special-heading-h3 custom-color-heading  avia-builder-el-2  el_before_av_one_full  avia-builder-el-first  av-linked-heading'><h3 class='av-special-heading-tag '  itemprop=\"headline\"  >\u00bfQu\u00e9 \u00e9 un campanario?<\/h3><div class=\"special-heading-border\"><div class=\"special-heading-inner-border\"><\/div><\/div><\/div>\n\n<style type=\"text\/css\" data-created_by=\"avia_inline_auto\" id=\"style-css-av-ev16g-f957c6d0798c0d30d499284b2a73c5a0\">\n.flex_column.av-ev16g-f957c6d0798c0d30d499284b2a73c5a0{\nborder-radius:0px 0px 0px 0px;\npadding:0px 0px 0px 0px;\n}\n<\/style>\n<div  class='flex_column av-ev16g-f957c6d0798c0d30d499284b2a73c5a0 av_one_full  avia-builder-el-3  el_after_av_heading  el_before_av_heading  first flex_column_div av-zero-column-padding  '     ><section  class='av_textblock_section av-ju5fbmbo-7589b70b1e6dfdf1fae0bbf0a088f16f '   itemscope=\"itemscope\" itemtype=\"https:\/\/schema.org\/CreativeWork\" ><div class='avia_textblock'  itemprop=\"text\" ><p>Un campanario ou campanil (voz derivada do italiano, campanile) \u00e9 unha estrutura encostada ou exenta a unha catedral, bas\u00edlica, igrexa ou capela, onde se colocan as camp\u00e1s, coa finalidade de convocar a asistencia dos fregueses ao servizo relixioso ou aos cidad\u00e1ns en xeral.<\/p>\n<\/div><\/section><\/div>\n<style type=\"text\/css\" data-created_by=\"avia_inline_auto\" id=\"style-css-av-av_heading-a6bed905076deede43d722d087df4a64\">\n#top .av-special-heading.av-av_heading-a6bed905076deede43d722d087df4a64{\npadding-bottom:10px;\ncolor:#31653b;\n}\nbody .av-special-heading.av-av_heading-a6bed905076deede43d722d087df4a64 .av-special-heading-tag .heading-char{\nfont-size:25px;\n}\n.av-special-heading.av-av_heading-a6bed905076deede43d722d087df4a64 .special-heading-inner-border{\nborder-color:#31653b;\n}\n.av-special-heading.av-av_heading-a6bed905076deede43d722d087df4a64 .av-subheading{\nfont-size:15px;\n}\n<\/style>\n<div  class='av-special-heading av-av_heading-a6bed905076deede43d722d087df4a64 av-special-heading-h3 custom-color-heading  avia-builder-el-5  el_after_av_one_full  el_before_av_one_full  av-linked-heading'><h3 class='av-special-heading-tag '  itemprop=\"headline\"  >As camp\u00e1s e os seus sons<\/h3><div class=\"special-heading-border\"><div class=\"special-heading-inner-border\"><\/div><\/div><\/div>\n\n<style type=\"text\/css\" data-created_by=\"avia_inline_auto\" id=\"style-css-av-76mk8-03d1fb44d1d5609e2c7a55ec107ac026\">\n.flex_column.av-76mk8-03d1fb44d1d5609e2c7a55ec107ac026{\nborder-radius:0px 0px 0px 0px;\npadding:0px 0px 0px 0px;\n}\n<\/style>\n<div  class='flex_column av-76mk8-03d1fb44d1d5609e2c7a55ec107ac026 av_one_full  avia-builder-el-6  el_after_av_heading  el_before_av_hr  first flex_column_div av-zero-column-padding  '     ><section  class='av_textblock_section av-ju5fffry-722e750b4555521e92232fdd5470c995 '   itemscope=\"itemscope\" itemtype=\"https:\/\/schema.org\/CreativeWork\" ><div class='avia_textblock'  itemprop=\"text\" ><p>A camp\u00e1, feita de bronce e con badalo de ferro, foi introducida polo cristianismo, implant\u00e1ndose por primeira vez en Italia no S.VI, da man dos monxes benedictinos. No s. XII, a fabricaci\u00f3n das camp\u00e1s pasou a mans dos laicos; fix\u00e9ronse m\u00e1is grandes e constru\u00edronse torres para colocalas para que o seu son puid\u00e9sese escoitar m\u00e1is lonxe.<\/p>\n<p>O toque de camp\u00e1 forma parte da vida coti\u00e1, p\u00f3dese dicir que falan a trav\u00e9s das s\u00faas ta\u00f1idos, avisando \u00e1s xentes dos acontecementos coti\u00e1ns ou extraordinarios m\u00e1is diversos.<\/p>\n<p>A mixtura dos sons \u00e1chase determinada pola forma, o espesor da parede da camp\u00e1, o tama\u00f1o e o peso.<br \/>\nImos ver alg\u00fan dos toques de camp\u00e1 m\u00e1is co\u00f1ecido.<\/p>\n<\/div><\/section><\/div><div  class='hr av-ju5fl1q7-10dac9e63261b6958954e83f7edd8692 hr-short  avia-builder-el-8  el_after_av_one_full  el_before_av_one_half  hr-center'><span class='hr-inner '><span class=\"hr-inner-style\"><\/span><\/span><\/div>\n\n<style type=\"text\/css\" data-created_by=\"avia_inline_auto\" id=\"style-css-av-1snqzk-70170d05016b87da5ca602438cb748e9\">\n.flex_column.av-1snqzk-70170d05016b87da5ca602438cb748e9{\nborder-radius:0px 0px 0px 0px;\npadding:0px 0px 0px 0px;\n}\n<\/style>\n<div  class='flex_column av-1snqzk-70170d05016b87da5ca602438cb748e9 av_one_half  avia-builder-el-9  el_after_av_hr  el_before_av_one_half  first flex_column_div av-zero-column-padding  '     ><style type=\"text\/css\" data-created_by=\"avia_inline_auto\" id=\"style-css-av-ju5fsk44-2181bba267cc4fcd34c3c770bb9d971e\">\n#top .avia-icon-list-container.av-ju5fsk44-2181bba267cc4fcd34c3c770bb9d971e .iconlist_icon{\nbackground-color:#31653b;\n}\n#top #wrap_all .avia-icon-list-container.av-ju5fsk44-2181bba267cc4fcd34c3c770bb9d971e .av_iconlist_title{\ncolor:#31653b;\n}\n.avia-icon-list-container.av-ju5fsk44-2181bba267cc4fcd34c3c770bb9d971e .iconlist_content{\ncolor:#635b63;\n}\n<\/style>\n<div  class='avia-icon-list-container av-ju5fsk44-2181bba267cc4fcd34c3c770bb9d971e  avia-builder-el-10  avia-builder-el-no-sibling '><ul class='avia-icon-list avia_animate_when_almost_visible avia-icon-list-left av-iconlist-big av-ju5fsk44-2181bba267cc4fcd34c3c770bb9d971e avia-iconlist-animate'>\n<li><div class='iconlist_icon av-swdb4-2cc70b282e43effd9a18d8f8e0bd91cc avia-font-entypo-fontello avia-iconfont avia-font-entypo-fontello'><span class='av-icon-char' data-av_icon='\ue83d' data-av_iconfont='entypo-fontello' aria-hidden=\"true\"><\/span><\/div><article class=\"article-icon-entry \"  itemscope=\"itemscope\" itemtype=\"https:\/\/schema.org\/CreativeWork\" ><div class=\"iconlist_content_wrap\"><header class=\"entry-content-header\" aria-label=\"Icon: Toque de defuntos\"><h4 class='av_iconlist_title iconlist_title  av_inherit_color'  itemprop=\"headline\" >Toque de defuntos<\/h4><\/header><div class='iconlist_content av_inherit_color'  itemprop=\"text\" ><p>Ten unha gran duraci\u00f3n, cun cambio lento e paulatino. Nalg\u00fans pobos, se o falecido era un neno toc\u00e1base a Gloria: \u00e9 unha mestura de alegr\u00eda, pola crenza nunha vida mellor, e de tristeza, polo feito da morte en se mesma.<\/p>\n<audio class=\"wp-audio-shortcode\" id=\"audio-488-1\" preload=\"none\" style=\"width: 100%;\" controls=\"controls\"><source type=\"audio\/mpeg\" src=\"https:\/\/campanariodesanxoan.com\/wp-content\/uploads\/2019\/04\/enterro-1.mp3?_=1\" \/><a href=\"https:\/\/campanariodesanxoan.com\/wp-content\/uploads\/2019\/04\/enterro-1.mp3\">https:\/\/campanariodesanxoan.com\/wp-content\/uploads\/2019\/04\/enterro-1.mp3<\/a><\/audio>\n<\/div><\/div><footer class=\"entry-footer\"><\/footer><\/article><div class=\"iconlist-timeline\"><\/div><\/li>\n<li><div class='iconlist_icon av-kza6w-0969d3efdf574bc7a3f90c5ba3834a66 avia-font-entypo-fontello avia-iconfont avia-font-entypo-fontello'><span class='av-icon-char' data-av_icon='\ue83d' data-av_iconfont='entypo-fontello' aria-hidden=\"true\"><\/span><\/div><article class=\"article-icon-entry \"  itemscope=\"itemscope\" itemtype=\"https:\/\/schema.org\/CreativeWork\" ><div class=\"iconlist_content_wrap\"><header class=\"entry-content-header\" aria-label=\"Icon: Toque de arrebato ou lume\"><h4 class='av_iconlist_title iconlist_title  av_inherit_color'  itemprop=\"headline\" >Toque de arrebato ou lume<\/h4><\/header><div class='iconlist_content av_inherit_color'  itemprop=\"text\" ><p>\u00c9 insistente, convocaba aos veci\u00f1os con motivo da declaraci\u00f3n dun lume.<\/p>\n<audio class=\"wp-audio-shortcode\" id=\"audio-488-2\" preload=\"none\" style=\"width: 100%;\" controls=\"controls\"><source type=\"audio\/mpeg\" src=\"https:\/\/campanariodesanxoan.com\/wp-content\/uploads\/2019\/04\/incendio-1.mp3?_=2\" \/><a href=\"https:\/\/campanariodesanxoan.com\/wp-content\/uploads\/2019\/04\/incendio-1.mp3\">https:\/\/campanariodesanxoan.com\/wp-content\/uploads\/2019\/04\/incendio-1.mp3<\/a><\/audio>\n<\/div><\/div><footer class=\"entry-footer\"><\/footer><\/article><div class=\"iconlist-timeline\"><\/div><\/li>\n<li><div class='iconlist_icon av-g9mxs-53ce1a8457f4340699132cb9fc951406 avia-font-entypo-fontello avia-iconfont avia-font-entypo-fontello'><span class='av-icon-char' data-av_icon='\ue83d' data-av_iconfont='entypo-fontello' aria-hidden=\"true\"><\/span><\/div><article class=\"article-icon-entry \"  itemscope=\"itemscope\" itemtype=\"https:\/\/schema.org\/CreativeWork\" ><div class=\"iconlist_content_wrap\"><header class=\"entry-content-header\" aria-label=\"Icon: Toque de festa\"><h4 class='av_iconlist_title iconlist_title  av_inherit_color'  itemprop=\"headline\" >Toque de festa<\/h4><\/header><div class='iconlist_content av_inherit_color'  itemprop=\"text\" ><p>Anuncia o d\u00eda da festa e o ano novo<\/p>\n<audio class=\"wp-audio-shortcode\" id=\"audio-488-3\" preload=\"none\" style=\"width: 100%;\" controls=\"controls\"><source type=\"audio\/mpeg\" src=\"https:\/\/campanariodesanxoan.com\/wp-content\/uploads\/2019\/04\/festa-1.mp3?_=3\" \/><a href=\"https:\/\/campanariodesanxoan.com\/wp-content\/uploads\/2019\/04\/festa-1.mp3\">https:\/\/campanariodesanxoan.com\/wp-content\/uploads\/2019\/04\/festa-1.mp3<\/a><\/audio>\n<\/div><\/div><footer class=\"entry-footer\"><\/footer><\/article><div class=\"iconlist-timeline\"><\/div><\/li>\n<li><div class='iconlist_icon av-a5g8o-32717d9c13ec67d76270e73eebaf47d2 avia-font-entypo-fontello avia-iconfont avia-font-entypo-fontello'><span class='av-icon-char' data-av_icon='\ue83d' data-av_iconfont='entypo-fontello' aria-hidden=\"true\"><\/span><\/div><article class=\"article-icon-entry \"  itemscope=\"itemscope\" itemtype=\"https:\/\/schema.org\/CreativeWork\" ><div class=\"iconlist_content_wrap\"><header class=\"entry-content-header\" aria-label=\"Icon: Toque do Angelus\"><h4 class='av_iconlist_title iconlist_title  av_inherit_color'  itemprop=\"headline\" >Toque do Angelus<\/h4><\/header><div class='iconlist_content av_inherit_color'  itemprop=\"text\" ><p>Ten lugar \u00e1s 12 do mediod\u00eda para anunciar o Angelus.<\/p>\n<audio class=\"wp-audio-shortcode\" id=\"audio-488-4\" preload=\"none\" style=\"width: 100%;\" controls=\"controls\"><source type=\"audio\/mpeg\" src=\"https:\/\/campanariodesanxoan.com\/wp-content\/uploads\/2019\/04\/angelus-1.mp3?_=4\" \/><a href=\"https:\/\/campanariodesanxoan.com\/wp-content\/uploads\/2019\/04\/angelus-1.mp3\">https:\/\/campanariodesanxoan.com\/wp-content\/uploads\/2019\/04\/angelus-1.mp3<\/a><\/audio>\n<\/div><\/div><footer class=\"entry-footer\"><\/footer><\/article><div class=\"iconlist-timeline\"><\/div><\/li>\n<\/ul><\/div><\/div>\n<style type=\"text\/css\" data-created_by=\"avia_inline_auto\" id=\"style-css-av-yqzvc-d35fb293fad82f055dc942a8574daeab\">\n.flex_column.av-yqzvc-d35fb293fad82f055dc942a8574daeab{\nborder-radius:0px 0px 0px 0px;\npadding:0px 0px 0px 0px;\n}\n<\/style>\n<div  class='flex_column av-yqzvc-d35fb293fad82f055dc942a8574daeab av_one_half  avia-builder-el-11  el_after_av_one_half  el_before_av_hr  flex_column_div av-zero-column-padding  '     ><style type=\"text\/css\" data-created_by=\"avia_inline_auto\" id=\"style-css-av-q4g34-63105c4aee219e0c604f98b7522b9714\">\n#top .avia-icon-list-container.av-q4g34-63105c4aee219e0c604f98b7522b9714 .iconlist_icon{\nbackground-color:#31653b;\n}\n#top #wrap_all .avia-icon-list-container.av-q4g34-63105c4aee219e0c604f98b7522b9714 .av_iconlist_title{\ncolor:#31653b;\n}\n.avia-icon-list-container.av-q4g34-63105c4aee219e0c604f98b7522b9714 .iconlist_content{\ncolor:#635b63;\n}\n<\/style>\n<div  class='avia-icon-list-container av-q4g34-63105c4aee219e0c604f98b7522b9714  avia-builder-el-12  avia-builder-el-no-sibling '><ul class='avia-icon-list avia_animate_when_almost_visible avia-icon-list-left av-iconlist-big av-q4g34-63105c4aee219e0c604f98b7522b9714 avia-iconlist-animate'>\n<li><div class='iconlist_icon av-av_iconlist_item-16645b094514d0c9762e040acd168f94 avia-font-entypo-fontello avia-iconfont avia-font-entypo-fontello'><span class='av-icon-char' data-av_icon='\ue83d' data-av_iconfont='entypo-fontello' aria-hidden=\"true\"><\/span><\/div><article class=\"article-icon-entry \"  itemscope=\"itemscope\" itemtype=\"https:\/\/schema.org\/CreativeWork\" ><div class=\"iconlist_content_wrap\"><header class=\"entry-content-header\" aria-label=\"Icon: Toque de concello\"><h4 class='av_iconlist_title iconlist_title  av_inherit_color'  itemprop=\"headline\" >Toque de concello<\/h4><\/header><div class='iconlist_content av_inherit_color'  itemprop=\"text\" ><p>Convoca aos veci\u00f1os para resolver alg\u00fan problema.<\/p>\n<audio class=\"wp-audio-shortcode\" id=\"audio-488-5\" preload=\"none\" style=\"width: 100%;\" controls=\"controls\"><source type=\"audio\/mpeg\" src=\"https:\/\/campanariodesanxoan.com\/wp-content\/uploads\/2019\/04\/concejo-1.mp3?_=5\" \/><a href=\"https:\/\/campanariodesanxoan.com\/wp-content\/uploads\/2019\/04\/concejo-1.mp3\">https:\/\/campanariodesanxoan.com\/wp-content\/uploads\/2019\/04\/concejo-1.mp3<\/a><\/audio>\n<\/div><\/div><footer class=\"entry-footer\"><\/footer><\/article><div class=\"iconlist-timeline\"><\/div><\/li>\n<li><div class='iconlist_icon av-av_iconlist_item-a65438dba60e8364c4ba0d41bba1795e avia-font-entypo-fontello avia-iconfont avia-font-entypo-fontello'><span class='av-icon-char' data-av_icon='\ue83d' data-av_iconfont='entypo-fontello' aria-hidden=\"true\"><\/span><\/div><article class=\"article-icon-entry \"  itemscope=\"itemscope\" itemtype=\"https:\/\/schema.org\/CreativeWork\" ><div class=\"iconlist_content_wrap\"><header class=\"entry-content-header\" aria-label=\"Icon: Toque a misa\"><h4 class='av_iconlist_title iconlist_title  av_inherit_color'  itemprop=\"headline\" >Toque a misa<\/h4><\/header><div class='iconlist_content av_inherit_color'  itemprop=\"text\" ><p>\u00c9 un dos poucos toques que quedan.<\/p>\n<audio class=\"wp-audio-shortcode\" id=\"audio-488-6\" preload=\"none\" style=\"width: 100%;\" controls=\"controls\"><source type=\"audio\/mpeg\" src=\"https:\/\/campanariodesanxoan.com\/wp-content\/uploads\/2019\/04\/chamadaMisa-1.mp3?_=6\" \/><a href=\"https:\/\/campanariodesanxoan.com\/wp-content\/uploads\/2019\/04\/chamadaMisa-1.mp3\">https:\/\/campanariodesanxoan.com\/wp-content\/uploads\/2019\/04\/chamadaMisa-1.mp3<\/a><\/audio>\n<\/div><\/div><footer class=\"entry-footer\"><\/footer><\/article><div class=\"iconlist-timeline\"><\/div><\/li>\n<li><div class='iconlist_icon av-av_iconlist_item-de85405ddd7ab5a152d898000627124b avia-font-entypo-fontello avia-iconfont avia-font-entypo-fontello'><span class='av-icon-char' data-av_icon='\ue83d' data-av_iconfont='entypo-fontello' aria-hidden=\"true\"><\/span><\/div><article class=\"article-icon-entry \"  itemscope=\"itemscope\" itemtype=\"https:\/\/schema.org\/CreativeWork\" ><div class=\"iconlist_content_wrap\"><header class=\"entry-content-header\" aria-label=\"Icon: Toque de nubrado\"><h4 class='av_iconlist_title iconlist_title  av_inherit_color'  itemprop=\"headline\" >Toque de nubrado<\/h4><\/header><div class='iconlist_content av_inherit_color'  itemprop=\"text\" ><p>Exist\u00eda a idea de que os toques de camp\u00e1 evitaban a saraiba e atra\u00edan a auga.<\/p>\n<audio class=\"wp-audio-shortcode\" id=\"audio-488-7\" preload=\"none\" style=\"width: 100%;\" controls=\"controls\"><source type=\"audio\/mpeg\" src=\"https:\/\/campanariodesanxoan.com\/wp-content\/uploads\/2019\/04\/nublado-1.mp3?_=7\" \/><a href=\"https:\/\/campanariodesanxoan.com\/wp-content\/uploads\/2019\/04\/nublado-1.mp3\">https:\/\/campanariodesanxoan.com\/wp-content\/uploads\/2019\/04\/nublado-1.mp3<\/a><\/audio>\n<\/div><\/div><footer class=\"entry-footer\"><\/footer><\/article><div class=\"iconlist-timeline\"><\/div><\/li>\n<\/ul><\/div><\/div><div  class='hr av-ju5fl792-3d80f52e24af2eb5869e146f1de1e0b7 hr-short  avia-builder-el-13  el_after_av_one_half  avia-builder-el-last  hr-center'><span class='hr-inner '><span class=\"hr-inner-style\"><\/span><\/span><\/div>\n\n","protected":false},"excerpt":{"rendered":"","protected":false},"author":2,"featured_media":0,"parent":0,"menu_order":0,"comment_status":"closed","ping_status":"closed","template":"","meta":{"footnotes":""},"class_list":["post-488","page","type-page","status-publish","hentry"],"_links":{"self":[{"href":"https:\/\/campanariodesanxoan.com\/index.php\/wp-json\/wp\/v2\/pages\/488","targetHints":{"allow":["GET"]}}],"collection":[{"href":"https:\/\/campanariodesanxoan.com\/index.php\/wp-json\/wp\/v2\/pages"}],"about":[{"href":"https:\/\/campanariodesanxoan.com\/index.php\/wp-json\/wp\/v2\/types\/page"}],"author":[{"embeddable":true,"href":"https:\/\/campanariodesanxoan.com\/index.php\/wp-json\/wp\/v2\/users\/2"}],"replies":[{"embeddable":true,"href":"https:\/\/campanariodesanxoan.com\/index.php\/wp-json\/wp\/v2\/comments?post=488"}],"version-history":[{"count":0,"href":"https:\/\/campanariodesanxoan.com\/index.php\/wp-json\/wp\/v2\/pages\/488\/revisions"}],"wp:attachment":[{"href":"https:\/\/campanariodesanxoan.com\/index.php\/wp-json\/wp\/v2\/media?parent=488"}],"curies":[{"name":"wp","href":"https:\/\/api.w.org\/{rel}","templated":true}]}}