{"id":536,"date":"2019-04-06T19:47:35","date_gmt":"2019-04-06T17:47:35","guid":{"rendered":"https:\/\/campanariodesanxoan.com\/?page_id=536"},"modified":"2020-09-03T11:56:15","modified_gmt":"2020-09-03T09:56:15","slug":"contacto","status":"publish","type":"page","link":"https:\/\/campanariodesanxoan.com\/index.php\/contacto\/","title":{"rendered":"Contacto"},"content":{"rendered":"<div  class='av_gmaps_sc_main_wrap av_gmaps_main_wrap '><div id='av_gmap_0' class='avia-google-map-container avia-google-map-sc av_gmaps_show_unconditionally av-no-fallback-img ' data-mapid='av_gmap_0'  style='height: 400px;'><a class=\"av_gmaps_browser_disabled av_text_confirm_link av_text_confirm_link_visible\" href=\"https:\/\/www.google.com\/maps\/search\/?api=1&#038;query=R\u00faa%20das%20Campas%20de%20San%20Xo\u00e1n%2015704%20Santiago%20de%20Compostela%20A%20Coru\u00f1a%20Espa\u00f1a\" target=\"_blank\">Maps were disabled by the visitor on this site. Click to open the map in a new window.<\/a><\/div><\/div>\n\n<style type=\"text\/css\" data-created_by=\"avia_inline_auto\" id=\"style-css-av-ju5t1xpt-afb3b8f0487065162d53c3f8175cd3a5\">\n.avia-section.av-ju5t1xpt-afb3b8f0487065162d53c3f8175cd3a5 .av-section-color-overlay{\nopacity:0.5;\nbackground-image:url(https:\/\/campanariodesanxoan.com\/wp-content\/themes\/enfold\/images\/background-images\/floral-dark.png);\nbackground-repeat:repeat;\n}\n<\/style>\n<div id='av_section_1'  class='avia-section av-ju5t1xpt-afb3b8f0487065162d53c3f8175cd3a5 main_color avia-section-default avia-no-border-styling  avia-builder-el-1  el_after_av_google_map  avia-builder-el-last  avia-bg-style-scroll av-section-color-overlay-active container_wrap fullsize'  ><div class=\"av-section-color-overlay-wrap\"><div class=\"av-section-color-overlay\"><\/div><div class='container av-section-cont-open' ><div class='template-page content  av-content-full alpha units'><div class='post-entry post-entry-type-page post-entry-536'><div class='entry-content-wrapper clearfix'>\n\n<style type=\"text\/css\" data-created_by=\"avia_inline_auto\" id=\"style-css-av-1aj920-781fb8094be4e575b47a6489f53ffdff\">\n.flex_column.av-1aj920-781fb8094be4e575b47a6489f53ffdff{\nborder-radius:0px 0px 0px 0px;\npadding:0px 0px 0px 0px;\n}\n<\/style>\n<div  class='flex_column av-1aj920-781fb8094be4e575b47a6489f53ffdff av_two_third  avia-builder-el-2  el_before_av_one_third  avia-builder-el-first  first flex_column_div av-animated-generic bottom-to-top av-zero-column-padding  '     ><p><div  class='hr av-153cl4-3912875f0661b5cbd51cb8d4f05df2ed hr-default  avia-builder-el-3  el_before_av_contact  avia-builder-el-first '><span class='hr-inner '><span class=\"hr-inner-style\"><\/span><\/span><\/div><br \/>\n<form action=\"https:\/\/campanariodesanxoan.com\/index.php\/contacto\/\" method=\"post\" data-fields-with-error=\"Found errors in the following field(s):\" class=\"avia_ajax_form av-form-labels-visible   avia-builder-el-4  el_after_av_hr  avia-builder-el-last   \" data-avia-form-id=\"1\" data-avia-redirect='' ><h3 class=''>Formulario de contacto<\/h3><fieldset><p class='  first_form  form_element form_fullwidth' id='element_avia_1_1'><label for=\"avia_1_1\">Nombre <abbr class=\"required\" title=\"requerido\">*<\/abbr><\/label> <input name=\"avia_1_1\" class=\"text_input is_empty\" type=\"text\" id=\"avia_1_1\" value=\"\" \/><\/p><p class='  first_form  form_element form_fullwidth' id='element_avia_2_1'><label for=\"avia_2_1\">Correo electr\u00f3nico <abbr class=\"required\" title=\"requerido\">*<\/abbr><\/label> <input name=\"avia_2_1\" class=\"text_input is_email\" type=\"text\" id=\"avia_2_1\" value=\"\" \/><\/p><p class='  first_form  form_element form_fullwidth' id='element_avia_3_1'><label for=\"avia_3_1\">Asunto <abbr class=\"required\" title=\"requerido\">*<\/abbr><\/label> <input name=\"avia_3_1\" class=\"text_input is_empty\" type=\"text\" id=\"avia_3_1\" value=\"\" \/><\/p><p class='  first_form  form_element form_fullwidth' id='element_avia_4_1'><label for=\"avia_4_1\" class=\"textare_label hidden textare_label_avia_4_1\">Mensaje <abbr class=\"required\" title=\"requerido\">*<\/abbr><\/label><textarea  name=\"avia_4_1\" class=\"text_area is_empty\" cols=\"40\" rows=\"7\" id=\"avia_4_1\" ><\/textarea><\/p><p class=\"hidden\"><input type=\"text\" name=\"avia_5_1\" class=\"hidden \" id=\"avia_5_1\" value=\"\" \/><\/p><p class='   form_element form_fullwidth av-last-visible-form-element' id='element_avia_6_1'><span class='value_verifier_label'>3 + 1 = ?<\/span><input name=\"avia_6_1_verifier\" type=\"hidden\" id=\"avia_6_1_verifier\" value=\"333641274\"\/><label for=\"avia_6_1\">Para mayor seguridad, responde la siguiente pregunta <abbr class=\"required\" title=\"requerido\">*<\/abbr><\/label><input name=\"avia_6_1\" class=\"text_input captcha\" type=\"text\" id=\"avia_6_1\" value=\"\"\/><\/p><p class=' av_form_privacy_check av_contact_privacy_check first_form  form_element form_fullwidth' id='element_avia_7_1'><input  name=\"avia_7_1\" class=\"input_checkbox is_empty\" type=\"checkbox\" id=\"avia_7_1\" value=\"true\"\/><label class=\"input_checkbox_label\" for=\"avia_7_1\">Estoy de acuerdo con los t\u00e9rminos y condiciones establecidos en la <a href='https:\/\/campanariodesanxoan.com\/index.php\/politica-de-privacidad\/' target='_blank'>Pol\u00edtica de privacidad<\/a> <abbr class=\"required\" title=\"requerido\">*<\/abbr><\/label><\/p><p class=\"form_element \"><input type=\"hidden\" value=\"1\" name=\"avia_generated_form1\" \/><input type=\"submit\" value=\"Enviar\" class=\"button\"  data-sending-label=\"Enviando\"\/><\/p><\/fieldset><\/form><div id=\"ajaxresponse_1\" class=\"ajaxresponse ajaxresponse_1 hidden\"><\/div><\/p><\/div>\n<style type=\"text\/css\" data-created_by=\"avia_inline_auto\" id=\"style-css-av-z17s-3b07c14739ccc0ab6463235d82df358e\">\n.flex_column.av-z17s-3b07c14739ccc0ab6463235d82df358e{\nborder-radius:0px 0px 0px 0px;\npadding:0px 0px 0px 0px;\n}\n<\/style>\n<div  class='flex_column av-z17s-3b07c14739ccc0ab6463235d82df358e av_one_third  avia-builder-el-5  el_after_av_two_third  avia-builder-el-last  flex_column_div av-animated-generic bottom-to-top av-zero-column-padding  '     ><p><div  class='hr av-ju5t2sat-971e1c071b891d6caf3eba9d9fbcf383 hr-short  avia-builder-el-6  el_before_av_iconlist  avia-builder-el-first  hr-center'><span class='hr-inner '><span class=\"hr-inner-style\"><\/span><\/span><\/div><br \/>\n\n<style type=\"text\/css\" data-created_by=\"avia_inline_auto\" id=\"style-css-av-jvido754-4074f5a8f6e29e394e9f3bff06e70f8e\">\n#top .avia-icon-list-container.av-jvido754-4074f5a8f6e29e394e9f3bff06e70f8e .iconlist_icon{\nbackground-color:#31653b;\n}\n#top #wrap_all .avia-icon-list-container.av-jvido754-4074f5a8f6e29e394e9f3bff06e70f8e .av_iconlist_title{\ncolor:#31653b;\n}\n.avia-icon-list-container.av-jvido754-4074f5a8f6e29e394e9f3bff06e70f8e .iconlist_content{\ncolor:#31653b;\n}\n<\/style>\n<div  class='avia-icon-list-container av-jvido754-4074f5a8f6e29e394e9f3bff06e70f8e  avia-builder-el-7  el_after_av_hr  el_before_av_textblock '><ul class='avia-icon-list avia_animate_when_almost_visible avia-icon-list-left av-iconlist-big av-jvido754-4074f5a8f6e29e394e9f3bff06e70f8e avia-iconlist-animate'>\n<li><div class='iconlist_icon av-7l2ns-5528d96cf905d7b880fbc1c0b47f131b avia-font-entypo-fontello avia-iconfont avia-font-entypo-fontello'><span class='av-icon-char' data-av_icon='\ue805' data-av_iconfont='entypo-fontello' aria-hidden=\"true\"><\/span><\/div><article class=\"article-icon-entry av-iconlist-empty\"  itemscope=\"itemscope\" itemtype=\"https:\/\/schema.org\/CreativeWork\" ><div class=\"iconlist_content_wrap\"><header class=\"entry-content-header\" aria-label=\"Icon: Correo electr\u00f3nico\"><h4 class='av_iconlist_title iconlist_title  av_inherit_color'  itemprop=\"headline\" >Correo electr\u00f3nico<\/h4><\/header><div class='iconlist_content av_inherit_color'  itemprop=\"text\" ><\/div><\/div><footer class=\"entry-footer\"><\/footer><\/article><div class=\"iconlist-timeline\"><\/div><\/li>\n<\/ul><\/div><br \/>\n\n<style type=\"text\/css\" data-created_by=\"avia_inline_auto\" id=\"style-css-av-ke53rm7a-e1346dd92715da0f445606e72600ba7f\">\n#top .av_textblock_section.av-ke53rm7a-e1346dd92715da0f445606e72600ba7f .avia_textblock{\ncolor:#31653b;\n}\n<\/style>\n<section  class='av_textblock_section av-ke53rm7a-e1346dd92715da0f445606e72600ba7f '   itemscope=\"itemscope\" itemtype=\"https:\/\/schema.org\/CreativeWork\" ><div class='avia_textblock av_inherit_color'  itemprop=\"text\" ><p style=\"text-align: left;\">campanariodesanxoan@gmail.com<\/p>\n<\/div><\/section><br \/>\n<div  class='hr av-ju5t2sat-971e1c071b891d6caf3eba9d9fbcf383 hr-short  avia-builder-el-9  el_after_av_textblock  el_before_av_iconlist  hr-center'><span class='hr-inner '><span class=\"hr-inner-style\"><\/span><\/span><\/div><br \/>\n\n<style type=\"text\/css\" data-created_by=\"avia_inline_auto\" id=\"style-css-av-jvido754-4074f5a8f6e29e394e9f3bff06e70f8e\">\n#top .avia-icon-list-container.av-jvido754-4074f5a8f6e29e394e9f3bff06e70f8e .iconlist_icon{\nbackground-color:#31653b;\n}\n#top #wrap_all .avia-icon-list-container.av-jvido754-4074f5a8f6e29e394e9f3bff06e70f8e .av_iconlist_title{\ncolor:#31653b;\n}\n.avia-icon-list-container.av-jvido754-4074f5a8f6e29e394e9f3bff06e70f8e .iconlist_content{\ncolor:#31653b;\n}\n<\/style>\n<div  class='avia-icon-list-container av-jvido754-4074f5a8f6e29e394e9f3bff06e70f8e  avia-builder-el-10  el_after_av_hr  el_before_av_hr '><ul class='avia-icon-list avia_animate_when_almost_visible avia-icon-list-left av-iconlist-big av-jvido754-4074f5a8f6e29e394e9f3bff06e70f8e avia-iconlist-animate'>\n<li><div class='iconlist_icon av-a803k-004fc21794771a756d08ba816a18a660 avia-font-entypo-fontello avia-iconfont avia-font-entypo-fontello'><span class='av-icon-char' data-av_icon='\ue841' data-av_iconfont='entypo-fontello' aria-hidden=\"true\"><\/span><\/div><article class=\"article-icon-entry \"  itemscope=\"itemscope\" itemtype=\"https:\/\/schema.org\/CreativeWork\" ><div class=\"iconlist_content_wrap\"><header class=\"entry-content-header\" aria-label=\"Icon: Direcci\u00f3n\"><h4 class='av_iconlist_title iconlist_title  av_inherit_color'  itemprop=\"headline\" >Direcci\u00f3n<\/h4><\/header><div class='iconlist_content av_inherit_color'  itemprop=\"text\" ><p>R\u00faa das Camp\u00e1s de San Xo\u00e1n<\/p>\n<p>15704<\/p>\n<p>Santiago de Compostela<\/p>\n<p>A Coru\u00f1a<\/p>\n<\/div><\/div><footer class=\"entry-footer\"><\/footer><\/article><div class=\"iconlist-timeline\"><\/div><\/li>\n<\/ul><\/div><br \/>\n<div  class='hr av-ju5t2sat-971e1c071b891d6caf3eba9d9fbcf383 hr-short  avia-builder-el-11  el_after_av_iconlist  el_before_av_image  hr-center'><span class='hr-inner '><span class=\"hr-inner-style\"><\/span><\/span><\/div><br \/>\n\n<style type=\"text\/css\" data-created_by=\"avia_inline_auto\" id=\"style-css-av-ju5t4hsr-f5f1c626fc78931227673a467b8b0dd6\">\n.avia-image-container.av-ju5t4hsr-f5f1c626fc78931227673a467b8b0dd6 img.avia_image{\nbox-shadow:none;\n}\n.avia-image-container.av-ju5t4hsr-f5f1c626fc78931227673a467b8b0dd6 .av-image-caption-overlay-center{\ncolor:#ffffff;\n}\n<\/style>\n<div  class='avia-image-container av-ju5t4hsr-f5f1c626fc78931227673a467b8b0dd6 av-styling- avia-align-center  avia-builder-el-12  el_after_av_hr  avia-builder-el-last '   itemprop=\"image\" itemscope=\"itemscope\" itemtype=\"https:\/\/schema.org\/ImageObject\" ><div class=\"avia-image-container-inner\"><div class=\"avia-image-overlay-wrap\"><img decoding=\"async\" fetchpriority=\"high\" class='wp-image-1553 avia-img-lazy-loading-not-1553 avia_image ' src=\"https:\/\/campanariodesanxoan.com\/wp-content\/uploads\/2019\/11\/LOGOTIPO_COLOR_POSITIVO-277x300.png\" alt='Campanario de San Xoan' title='Campanario de San Xoan'  height=\"300\" width=\"277\"  itemprop=\"thumbnailUrl\" srcset=\"https:\/\/campanariodesanxoan.com\/wp-content\/uploads\/2019\/11\/LOGOTIPO_COLOR_POSITIVO-277x300.png 277w, https:\/\/campanariodesanxoan.com\/wp-content\/uploads\/2019\/11\/LOGOTIPO_COLOR_POSITIVO-768x831.png 768w, https:\/\/campanariodesanxoan.com\/wp-content\/uploads\/2019\/11\/LOGOTIPO_COLOR_POSITIVO-951x1030.png 951w, https:\/\/campanariodesanxoan.com\/wp-content\/uploads\/2019\/11\/LOGOTIPO_COLOR_POSITIVO-1386x1500.png 1386w, https:\/\/campanariodesanxoan.com\/wp-content\/uploads\/2019\/11\/LOGOTIPO_COLOR_POSITIVO-651x705.png 651w\" sizes=\"(max-width: 277px) 100vw, 277px\" \/><\/div><\/div><\/div><\/p><\/div>\n","protected":false},"excerpt":{"rendered":"","protected":false},"author":2,"featured_media":0,"parent":0,"menu_order":0,"comment_status":"closed","ping_status":"closed","template":"","meta":{"footnotes":""},"class_list":["post-536","page","type-page","status-publish","hentry"],"_links":{"self":[{"href":"https:\/\/campanariodesanxoan.com\/index.php\/wp-json\/wp\/v2\/pages\/536","targetHints":{"allow":["GET"]}}],"collection":[{"href":"https:\/\/campanariodesanxoan.com\/index.php\/wp-json\/wp\/v2\/pages"}],"about":[{"href":"https:\/\/campanariodesanxoan.com\/index.php\/wp-json\/wp\/v2\/types\/page"}],"author":[{"embeddable":true,"href":"https:\/\/campanariodesanxoan.com\/index.php\/wp-json\/wp\/v2\/users\/2"}],"replies":[{"embeddable":true,"href":"https:\/\/campanariodesanxoan.com\/index.php\/wp-json\/wp\/v2\/comments?post=536"}],"version-history":[{"count":0,"href":"https:\/\/campanariodesanxoan.com\/index.php\/wp-json\/wp\/v2\/pages\/536\/revisions"}],"wp:attachment":[{"href":"https:\/\/campanariodesanxoan.com\/index.php\/wp-json\/wp\/v2\/media?parent=536"}],"curies":[{"name":"wp","href":"https:\/\/api.w.org\/{rel}","templated":true}]}}