{"id":699,"date":"2019-04-13T23:20:49","date_gmt":"2019-04-13T21:20:49","guid":{"rendered":"https:\/\/campanariodesanxoan.com\/?page_id=699"},"modified":"2019-04-13T23:23:38","modified_gmt":"2019-04-13T21:23:38","slug":"aviso-legal","status":"publish","type":"page","link":"https:\/\/campanariodesanxoan.com\/index.php\/aviso-legal\/","title":{"rendered":"Aviso legal"},"content":{"rendered":"\n<style type=\"text\/css\" data-created_by=\"avia_inline_auto\" id=\"style-css-av-jug06m1t-c4ec2c2784c09b21d2b0f17fcb1e85bc\">\n.avia-section.av-jug06m1t-c4ec2c2784c09b21d2b0f17fcb1e85bc .av-section-color-overlay{\nopacity:0.5;\nbackground-image:url(https:\/\/campanariodesanxoan.com\/wp-content\/themes\/enfold\/images\/background-images\/polygon.png);\nbackground-repeat:repeat;\n}\n<\/style>\n<div id='av_section_1'  class='avia-section av-jug06m1t-c4ec2c2784c09b21d2b0f17fcb1e85bc main_color avia-section-default avia-no-border-styling  avia-builder-el-0  avia-builder-el-no-sibling  avia-bg-style-scroll av-section-color-overlay-active container_wrap fullsize'  ><div class=\"av-section-color-overlay-wrap\"><div class=\"av-section-color-overlay\"><\/div><div class='container av-section-cont-open' ><main  role=\"main\" itemprop=\"mainContentOfPage\"  class='template-page content  av-content-full alpha units'><div class='post-entry post-entry-type-page post-entry-699'><div class='entry-content-wrapper clearfix'>\n<section  class='av_textblock_section av-jug07z88-306bf4cac97fe775008f7b154686a5a3 '   itemscope=\"itemscope\" itemtype=\"https:\/\/schema.org\/CreativeWork\" ><div class='avia_textblock'  itemprop=\"text\" ><p>Renuncia<\/p>\n<p>La informaci\u00f3n contenida en este sitio web es solo para fines de informaci\u00f3n general. La web <strong>campanariodesanxoan.com<\/strong> proporciona la informaci\u00f3n y, mientras nos esforzamos por mantener la informaci\u00f3n actualizada y correcta, no hacemos declaraciones ni garant\u00edas de ning\u00fan tipo, expl\u00edcitas o impl\u00edcitas, sobre la integridad, precisi\u00f3n, confiabilidad, idoneidad o disponibilidad con respecto a el sitio web o la informaci\u00f3n, productos, servicios o gr\u00e1ficos relacionados contenidos en el sitio web para cualquier prop\u00f3sito. Cualquier confianza que usted deposite en dicha informaci\u00f3n es, por lo tanto, bajo su propio riesgo.<\/p>\n<p>En ning\u00fan caso seremos responsables de ninguna p\u00e9rdida o da\u00f1o, incluidos, entre otros, p\u00e9rdidas o da\u00f1os indirectos o consecuentes, o cualquier p\u00e9rdida o da\u00f1o que surja de la p\u00e9rdida de datos o ganancias que surjan de, o en relaci\u00f3n con, el uso de este sitio web.<\/p>\n<p>A trav\u00e9s de este sitio web, puede enlazar a otros sitios web que no est\u00e1n bajo el control de <strong>campanariodesanxoan.com<\/strong>. No tenemos control sobre la naturaleza, el contenido y la disponibilidad de esos sitios. La inclusi\u00f3n de cualquier enlace no implica necesariamente una recomendaci\u00f3n ni respalda las opiniones expresadas en ellos.<\/p>\n<p>Se hace todo lo posible para mantener el sitio web funcionando sin problemas. Sin embargo, <strong>campanariodesanxoan.com<\/strong> no se responsabiliza de ello, y no ser\u00e1 responsable por el hecho de que el sitio web no est\u00e9 disponible temporalmente debido a problemas t\u00e9cnicos fuera de nuestro control.<\/p>\n<\/div><\/section>\n\n","protected":false},"excerpt":{"rendered":"","protected":false},"author":2,"featured_media":0,"parent":0,"menu_order":0,"comment_status":"closed","ping_status":"closed","template":"","meta":{"footnotes":""},"class_list":["post-699","page","type-page","status-publish","hentry"],"_links":{"self":[{"href":"https:\/\/campanariodesanxoan.com\/index.php\/wp-json\/wp\/v2\/pages\/699","targetHints":{"allow":["GET"]}}],"collection":[{"href":"https:\/\/campanariodesanxoan.com\/index.php\/wp-json\/wp\/v2\/pages"}],"about":[{"href":"https:\/\/campanariodesanxoan.com\/index.php\/wp-json\/wp\/v2\/types\/page"}],"author":[{"embeddable":true,"href":"https:\/\/campanariodesanxoan.com\/index.php\/wp-json\/wp\/v2\/users\/2"}],"replies":[{"embeddable":true,"href":"https:\/\/campanariodesanxoan.com\/index.php\/wp-json\/wp\/v2\/comments?post=699"}],"version-history":[{"count":0,"href":"https:\/\/campanariodesanxoan.com\/index.php\/wp-json\/wp\/v2\/pages\/699\/revisions"}],"wp:attachment":[{"href":"https:\/\/campanariodesanxoan.com\/index.php\/wp-json\/wp\/v2\/media?parent=699"}],"curies":[{"name":"wp","href":"https:\/\/api.w.org\/{rel}","templated":true}]}}