{"id":706,"date":"2019-04-14T21:18:14","date_gmt":"2019-04-14T19:18:14","guid":{"rendered":"https:\/\/campanariodesanxoan.com\/?page_id=706"},"modified":"2019-04-14T21:18:15","modified_gmt":"2019-04-14T19:18:15","slug":"aviso-legal-2","status":"publish","type":"page","link":"https:\/\/campanariodesanxoan.com\/index.php\/gl\/aviso-legal-2\/","title":{"rendered":"Aviso Legal"},"content":{"rendered":"\n<style type=\"text\/css\" data-created_by=\"avia_inline_auto\" id=\"style-css-av-juhbapxm-59970ec517ea6ed564cc740836106a5e\">\n.avia-section.av-juhbapxm-59970ec517ea6ed564cc740836106a5e .av-section-color-overlay{\nopacity:0.5;\nbackground-image:url(https:\/\/campanariodesanxoan.com\/wp-content\/themes\/enfold\/images\/background-images\/polygon.png);\nbackground-repeat:repeat;\n}\n<\/style>\n<div id='av_section_1'  class='avia-section av-juhbapxm-59970ec517ea6ed564cc740836106a5e main_color avia-section-default avia-no-border-styling  avia-builder-el-0  avia-builder-el-no-sibling  avia-bg-style-scroll av-section-color-overlay-active container_wrap fullsize'  ><div class=\"av-section-color-overlay-wrap\"><div class=\"av-section-color-overlay\"><\/div><div class='container av-section-cont-open' ><main  role=\"main\" itemprop=\"mainContentOfPage\"  class='template-page content  av-content-full alpha units'><div class='post-entry post-entry-type-page post-entry-706'><div class='entry-content-wrapper clearfix'>\n<section  class='av_textblock_section av-juhbaggq-8df0ea6eca3bdc2e5d0c034eeb239aa3 '   itemscope=\"itemscope\" itemtype=\"https:\/\/schema.org\/CreativeWork\" ><div class='avia_textblock'  itemprop=\"text\" ><p>Renuncia<br \/>\nA informaci\u00f3n contida neste sitio web \u00e9 s\u00f3 para fins de informaci\u00f3n xeral. A web campanariodesanxoan. com proporciona a informaci\u00f3n e, mentres nos esforzamos por manter a informaci\u00f3n actualizada e correcta, non facemos declaraci\u00f3ns nin garant\u00edas de ning\u00fan tipo, expl\u00edcitas ou impl\u00edcitas, sobre a integridade, precisi\u00f3n, confiabilidad, idoneidade ou dispo\u00f1ibilidade con respecto ao sitio web ou a informaci\u00f3n, produtos, servizos ou gr\u00e1ficos relacionados contidos no sitio web para calquera prop\u00f3sito. Calquera confianza que vostede deposite na devandita informaci\u00f3n \u00e9, por tanto, baixo o seu propio risco.En ning\u00fan caso seremos responsables de ningunha perda ou dano, inclu\u00eddos, entre outros, perdas ou danos indirectos ou consecuentes, ou calquera perda ou dano que xurda da perda de datos ou ganancias que xurdan de, ou en relaci\u00f3n con, o uso deste sitio web.A trav\u00e9s deste sitio web, pode enlazar a outros sitios web que non est\u00e1n baixo o control de campanariodesanxoan. com. Non temos control sobre a natureza, o contido e a dispo\u00f1ibilidade deses sitios. A inclusi\u00f3n de calquera ligaz\u00f3n non implica necesariamente unha recomendaci\u00f3n nin apoia as opini\u00f3ns expresadas neles.Faise todo o posible para manter o sitio web funcionando sen problemas. Con todo, campanariodesanxoan. com non se responsabiliza diso, e non ser\u00e1 responsable polo feito de que o sitio web non estea dispo\u00f1ible temporalmente debido a problemas t\u00e9cnicos f\u00f3ra do noso control.<\/p>\n<\/div><\/section>\n\n","protected":false},"excerpt":{"rendered":"","protected":false},"author":2,"featured_media":0,"parent":0,"menu_order":0,"comment_status":"closed","ping_status":"closed","template":"","meta":{"footnotes":""},"class_list":["post-706","page","type-page","status-publish","hentry"],"_links":{"self":[{"href":"https:\/\/campanariodesanxoan.com\/index.php\/wp-json\/wp\/v2\/pages\/706","targetHints":{"allow":["GET"]}}],"collection":[{"href":"https:\/\/campanariodesanxoan.com\/index.php\/wp-json\/wp\/v2\/pages"}],"about":[{"href":"https:\/\/campanariodesanxoan.com\/index.php\/wp-json\/wp\/v2\/types\/page"}],"author":[{"embeddable":true,"href":"https:\/\/campanariodesanxoan.com\/index.php\/wp-json\/wp\/v2\/users\/2"}],"replies":[{"embeddable":true,"href":"https:\/\/campanariodesanxoan.com\/index.php\/wp-json\/wp\/v2\/comments?post=706"}],"version-history":[{"count":0,"href":"https:\/\/campanariodesanxoan.com\/index.php\/wp-json\/wp\/v2\/pages\/706\/revisions"}],"wp:attachment":[{"href":"https:\/\/campanariodesanxoan.com\/index.php\/wp-json\/wp\/v2\/media?parent=706"}],"curies":[{"name":"wp","href":"https:\/\/api.w.org\/{rel}","templated":true}]}}