{"id":710,"date":"2019-04-14T21:23:54","date_gmt":"2019-04-14T19:23:54","guid":{"rendered":"https:\/\/campanariodesanxoan.com\/?page_id=710"},"modified":"2019-04-15T21:29:51","modified_gmt":"2019-04-15T19:29:51","slug":"politica-de-privacidade","status":"publish","type":"page","link":"https:\/\/campanariodesanxoan.com\/index.php\/gl\/politica-de-privacidade\/","title":{"rendered":"Pol\u00edtica de privacidade"},"content":{"rendered":"<div id='av_section_1'  class='avia-section av-470e-fc976e4e4ddb725239862397fa49753a main_color avia-section-default avia-no-border-styling  avia-builder-el-0  avia-builder-el-no-sibling  avia-bg-style-scroll container_wrap fullsize'  ><div class='container av-section-cont-open' ><main  role=\"main\" itemprop=\"mainContentOfPage\"  class='template-page content  av-content-full alpha units'><div class='post-entry post-entry-type-page post-entry-710'><div class='entry-content-wrapper clearfix'>\n<section  class='av_textblock_section av-juhbi08u-5cd89a871432ffd6e87367271ebb7e64 '   itemscope=\"itemscope\" itemtype=\"https:\/\/schema.org\/CreativeWork\" ><div class='avia_textblock'  itemprop=\"text\" ><h2>1. Unha visi\u00f3n xeral da protecci\u00f3n de datos<\/h2>\n<h4>Xeral<\/h4>\n<p>A continuaci\u00f3n ofr\u00e9cese unha descrici\u00f3n xeral do que sucede coa s\u00faa informaci\u00f3n persoal cando visita o noso sitio web. A informaci\u00f3n persoal \u00e9 calquera dato co que poida identificarse persoalmente. Pode atopar informaci\u00f3n detallada sobre o tema da protecci\u00f3n de datos na nosa pol\u00edtica de privacidade que se atopa a continuaci\u00f3n.<\/p>\n<h4>Recompilaci\u00f3n de datos no noso sitio web.<\/h4>\n<p><strong>Quen \u00e9 responsable da recompilaci\u00f3n de datos neste sitio web?<\/strong><\/p>\n<p>Os datos recolleitos neste sitio web son procesados \u200b\u200bpolo operador do sitio web.<\/p>\n<p><strong>Como recompilamos os seus datos?<\/strong><\/p>\n<p>Alg\u00fans datos recomp\u00edlanse cando nolos proporciona. Isto poder\u00eda ser, por exemplo, informaci\u00f3n que ingresa nun formulario de contacto.<\/p>\n<p>Os nosos sistemas de TI recompilan automaticamente outros datos cando visita o sitio web. Estes datos son principalmente datos t\u00e9cnicos, como o navegador e o sistema operativo que est\u00e1 a utilizar ou cando accedeu \u00e1 p\u00e1xina. Estes datos recomp\u00edlanse automaticamente tan pronto como vostede ingresa ao noso sitio web.<\/p>\n<p><strong>Para que utilizamos os seus datos?<\/strong><\/p>\n<p>Parte dos datos recomp\u00edlanse para garantir o correcto funcionamento do sitio web. P\u00f3dense usar outros datos para analizar como os visitantes usan o sitio.<\/p>\n<p><strong>Que dereitos tes sobre os teus datos?<\/strong><\/p>\n<p>Sempre ten o dereito de solicitar informaci\u00f3n sobre os seus datos almacenados, a s\u00faa orixe, os seus destinatarios e o prop\u00f3sito da s\u00faa recompilaci\u00f3n sen cargo. Tam\u00e9n ten dereito a solicitar que se corrixa, bloquee ou elimine. Pode comunicarse connosco en calquera momento utilizando a direcci\u00f3n que figura no aviso legal se ten m\u00e1is preguntas sobre o tema da privacidade e a protecci\u00f3n de datos. Por suposto, tam\u00e9n pode presentar unha queixa ante as autoridades reguladoras competentes.<\/p>\n<h4>Anal\u00edticas e ferramentas de terceiros.<\/h4>\n<p>Ao visitar o noso sitio web, p\u00f3dense realizar an\u00e1lises estat\u00edsticas do seu comportamento de navegaci\u00f3n. Isto sucede principalmente mediante o uso de cookies e an\u00e1lise. A an\u00e1lise do seu comportamento de navegaci\u00f3n adoita ser an\u00f3nimo, \u00e9 dicir, non poderemos identificalo a partir destes datos. Pode obxectar esta an\u00e1lise ou evitalo se non utiliza certas ferramentas. A informaci\u00f3n detallada p\u00f3dese atopar na seguinte pol\u00edtica de privacidade.<\/p>\n<p>Pode obxectar esta an\u00e1lise. A continuaci\u00f3n informar\u00e9moslle sobre como exercer as s\u00faas opci\u00f3ns respecto diso.<\/p>\n<h2>2. Informaci\u00f3n xeral e informaci\u00f3n obrigatoria.<\/h2>\n<p><strong>Protecci\u00f3n de Datos<\/strong><\/p>\n<p>Los operadores deste sitio web t\u00f3manse moi en serio a protecci\u00f3n dos seus datos persoais. Tratamos os seus datos persoais como confidenciais e de acordo coas normas legais de protecci\u00f3n de datos e esta pol\u00edtica de privacidade.<\/p>\n<p>Se utiliza este sitio web, recompilaranse diversos datos persoais. A informaci\u00f3n persoal \u00e9 calquera dato co que poida identificarse persoalmente. Esta pol\u00edtica de privacidade explica que informaci\u00f3n recompilamos e para que a utilizamos. Tam\u00e9n explica como e con que prop\u00f3sito sucede isto.<\/p>\n<p>Te\u00f1a en conta que os datos transmitidos a trav\u00e9s de Internet (por exemplo, a trav\u00e9s de comunicaci\u00f3ns por correo electr\u00f3nico) poden estar suxeitos a violaci\u00f3ns de seguridade. A protecci\u00f3n completa dos seus datos fronte ao acceso de terceiros non \u00e9 posible.<\/p>\n<h4>Aviso sobre a parte responsable deste sitio web.<\/h4>\n<p>A parte responsable de procesar os datos neste sitio web \u00e9 campanariodesanxoan. com. Pode contactarnos a trav\u00e9s do correo electr\u00f3nico: lousanmartin@gmail.com<\/p>\n<p>A parte responsable \u00e9 a persoa f\u00edsica ou xur\u00eddica que, soa ou conxuntamente con outras persoas, decide sobre os fins e os medios para procesar os datos persoais (nomes, direcci\u00f3ns de correo electr\u00f3nico, etc.).<\/p>\n<h4>Revogaci\u00f3n do seu consentimento para o tratamento dos seus datos.<\/h4>\n<p>Moitas operaci\u00f3ns de procesamento de datos s\u00f3 son posibles co seu consentimento expreso. Pode revogar o seu consentimento en calquera momento con efecto futuro. Un correo electr\u00f3nico informal facendo esta solicitude \u00e9 suficiente. Os datos procesados \u200b\u200bantes de que recibamos a s\u00faa solicitude a\u00ednda poden procesarse legalmente.<\/p>\n<h4>Dereito a presentar queixas ante as autoridades reguladoras.<\/h4>\n<p>Se houbo unha violaci\u00f3n da lexislaci\u00f3n de protecci\u00f3n de datos, a persoa afectada pode presentar unha queixa ante as autoridades reguladoras competentes.<\/p>\n<h4>Dereito \u00e1 portabilidad de datos<\/h4>\n<p>Usted ten dereito a que os datos que procesamos bas\u00e9ense no seu consentimento ou no cumprimento dun contrato entregado automaticamente a vostede ou a un terceiro nun formato est\u00e1ndar, legible por unha m\u00e1quina. Se necesita a transferencia directa de datos a outra parte responsable, isto s\u00f3 farase na medida en que sexa tecnicamente posible.<\/p>\n<h4>Cifrado SSL ou TLS<\/h4>\n<p>Este sitio utiliza o cifrado SSL ou TLS por raz\u00f3ns de seguridade e para a protecci\u00f3n da transmisi\u00f3n de contido confidencial, como as consultas que nos env\u00eda como operador do sitio. Pode reco\u00f1ecer unha conexi\u00f3n encriptada na li\u00f1a de direcci\u00f3n do seu navegador cando cambia de \u00bb http: \/\/\u00bb a \u00bb https: \/\/\u00bb e a icona de cadeado aparece na barra de direcci\u00f3ns do seu navegador.<\/p>\n<p>Se o cifrado SSL ou TLS est\u00e1 activado, os datos que nos transfire non poden ser lidos por terceiros.<\/p>\n<h4>Informaci\u00f3n, bloqueo, eliminaci\u00f3n<\/h4>\n<p>Seg\u00fan o permitido pola lei, ten dereito a que se lle proporcione en calquera momento informaci\u00f3n gratu\u00edta sobre calquera dos seus datos persoais almacenados, as\u00ed como a s\u00faa orixe, o destinatario e o prop\u00f3sito para o cal se procesou. Tam\u00e9n ten dereito a corrixir, bloquear ou eliminar estes datos. Pode comunicarse connosco en calquera momento utilizando a direcci\u00f3n que figura no noso aviso legal se ten m\u00e1is preguntas sobre o tema dos datos persoais.<\/p>\n<\/div><\/section>\n\n","protected":false},"excerpt":{"rendered":"","protected":false},"author":2,"featured_media":0,"parent":0,"menu_order":0,"comment_status":"closed","ping_status":"closed","template":"","meta":{"footnotes":""},"class_list":["post-710","page","type-page","status-publish","hentry"],"_links":{"self":[{"href":"https:\/\/campanariodesanxoan.com\/index.php\/wp-json\/wp\/v2\/pages\/710","targetHints":{"allow":["GET"]}}],"collection":[{"href":"https:\/\/campanariodesanxoan.com\/index.php\/wp-json\/wp\/v2\/pages"}],"about":[{"href":"https:\/\/campanariodesanxoan.com\/index.php\/wp-json\/wp\/v2\/types\/page"}],"author":[{"embeddable":true,"href":"https:\/\/campanariodesanxoan.com\/index.php\/wp-json\/wp\/v2\/users\/2"}],"replies":[{"embeddable":true,"href":"https:\/\/campanariodesanxoan.com\/index.php\/wp-json\/wp\/v2\/comments?post=710"}],"version-history":[{"count":0,"href":"https:\/\/campanariodesanxoan.com\/index.php\/wp-json\/wp\/v2\/pages\/710\/revisions"}],"wp:attachment":[{"href":"https:\/\/campanariodesanxoan.com\/index.php\/wp-json\/wp\/v2\/media?parent=710"}],"curies":[{"name":"wp","href":"https:\/\/api.w.org\/{rel}","templated":true}]}}