{"id":983,"date":"2019-04-19T21:27:41","date_gmt":"2019-04-19T19:27:41","guid":{"rendered":"https:\/\/campanariodesanxoan.com\/?page_id=983"},"modified":"2020-11-10T11:07:04","modified_gmt":"2020-11-10T10:07:04","slug":"agnus-dei","status":"publish","type":"page","link":"https:\/\/campanariodesanxoan.com\/index.php\/agnus-dei\/","title":{"rendered":"Agnus Dei"},"content":{"rendered":"<div id='full_slider_1'  class='avia-fullwidth-slider main_color avia-shadow   avia-builder-el-0  el_before_av_section  avia-builder-el-first   container_wrap fullsize'  ><div  class='avia-slideshow av-juu42gd5-8746a852b60ebb237b2136e10d9d084b avia-slideshow-featured_large av_slideshow_full avia-slide-slider av-slideshow-ui av-control-default av-slideshow-autoplay av-loop-endless av-loop-manual-endless av-default-height-applied   avia-slideshow-1' data-slideshow-options=\"{&quot;animation&quot;:&quot;slide&quot;,&quot;autoplay&quot;:true,&quot;loop_autoplay&quot;:&quot;endless&quot;,&quot;interval&quot;:6,&quot;loop_manual&quot;:&quot;manual-endless&quot;,&quot;autoplay_stopper&quot;:false,&quot;noNavigation&quot;:false,&quot;bg_slider&quot;:false,&quot;keep_padding&quot;:false,&quot;hoverpause&quot;:false,&quot;show_slide_delay&quot;:0}\"  itemprop=\"image\" itemscope=\"itemscope\" itemtype=\"https:\/\/schema.org\/ImageObject\" ><ul class='avia-slideshow-inner ' style='padding-bottom: 42%;'><li  class='avia-slideshow-slide av-juu42gd5-8746a852b60ebb237b2136e10d9d084b__0  slide-1 slide-odd'><div data-rel='slideshow-1' class='avia-slide-wrap '  title='Agnus Dei' ><img decoding=\"async\" fetchpriority=\"high\" class=\"wp-image-1765 avia-img-lazy-loading-not-1765\"  src=\"https:\/\/campanariodesanxoan.com\/wp-content\/uploads\/2020\/08\/agnusdei01-1500x630.jpg\" width=\"1500\" height=\"630\" title='Agnus Dei' alt='Agnus Dei'  itemprop=\"thumbnailUrl\"   \/><\/div><\/li><li  class='avia-slideshow-slide av-juu42gd5-8746a852b60ebb237b2136e10d9d084b__1  slide-2 slide-even'><div data-rel='slideshow-1' class='avia-slide-wrap '  title='Agnus Dei' ><img decoding=\"async\" fetchpriority=\"high\" class=\"wp-image-1767 avia-img-lazy-loading-not-1767\"  src=\"https:\/\/campanariodesanxoan.com\/wp-content\/uploads\/2020\/08\/agnusdei03-1500x630.jpg\" width=\"1500\" height=\"630\" title='Agnus Dei' alt='Agnus Dei'  itemprop=\"thumbnailUrl\"   \/><\/div><\/li><li  class='avia-slideshow-slide av-juu42gd5-8746a852b60ebb237b2136e10d9d084b__2  slide-3 slide-odd'><div data-rel='slideshow-1' class='avia-slide-wrap '  title='Agnus Dei' ><img decoding=\"async\" fetchpriority=\"high\" class=\"wp-image-1766 avia-img-lazy-loading-not-1766\"  src=\"https:\/\/campanariodesanxoan.com\/wp-content\/uploads\/2020\/08\/agnusdei02-1500x630.jpg\" width=\"1500\" height=\"630\" title='Agnus Dei' alt='Agnus Dei'  itemprop=\"thumbnailUrl\"   \/><\/div><\/li><li  class='avia-slideshow-slide av-juu42gd5-8746a852b60ebb237b2136e10d9d084b__3  slide-4 slide-even'><div data-rel='slideshow-1' class='avia-slide-wrap '  title='Campanario San Xoan' ><img decoding=\"async\" fetchpriority=\"high\" class=\"wp-image-1871 avia-img-lazy-loading-not-1871\"  src=\"https:\/\/campanariodesanxoan.com\/wp-content\/uploads\/2020\/08\/campanario1-56-1500x630.jpg\" width=\"1500\" height=\"630\" title='Campanario San Xoan' alt='Campanario San Xoan'  itemprop=\"thumbnailUrl\"   \/><\/div><\/li><\/ul><div class='avia-slideshow-arrows avia-slideshow-controls' ><a href='#prev' class='prev-slide  avia-svg-icon avia-font-svg_entypo-fontello' data-av_svg_icon='left-open-big' data-av_iconset='svg_entypo-fontello' tabindex='-1' title=\"Anterior\"><svg version=\"1.1\" xmlns=\"http:\/\/www.w3.org\/2000\/svg\" width=\"15\" height=\"32\" viewBox=\"0 0 15 32\" preserveAspectRatio=\"xMidYMid meet\" aria-labelledby='av-svg-title-1' aria-describedby='av-svg-desc-1' role=\"graphics-symbol\" aria-hidden=\"true\">\n<title id='av-svg-title-1'>Anterior<\/title>\n<desc id='av-svg-desc-1'>Anterior<\/desc>\n<path d=\"M14.464 27.84q0.832 0.832 0 1.536-0.832 0.832-1.536 0l-12.544-12.608q-0.768-0.768 0-1.6l12.544-12.608q0.704-0.832 1.536 0 0.832 0.704 0 1.536l-11.456 11.904z\"><\/path>\n<\/svg><span class='avia_hidden_link_text'>Anterior<\/span><\/a><a href='#next' class='next-slide  avia-svg-icon avia-font-svg_entypo-fontello' data-av_svg_icon='right-open-big' data-av_iconset='svg_entypo-fontello' tabindex='-1' title=\"Posterior\"><svg version=\"1.1\" xmlns=\"http:\/\/www.w3.org\/2000\/svg\" width=\"15\" height=\"32\" viewBox=\"0 0 15 32\" preserveAspectRatio=\"xMidYMid meet\" aria-labelledby='av-svg-title-2' aria-describedby='av-svg-desc-2' role=\"graphics-symbol\" aria-hidden=\"true\">\n<title id='av-svg-title-2'>Posterior<\/title>\n<desc id='av-svg-desc-2'>Posterior<\/desc>\n<path d=\"M0.416 27.84l11.456-11.84-11.456-11.904q-0.832-0.832 0-1.536 0.832-0.832 1.536 0l12.544 12.608q0.768 0.832 0 1.6l-12.544 12.608q-0.704 0.832-1.536 0-0.832-0.704 0-1.536z\"><\/path>\n<\/svg><span class='avia_hidden_link_text'>Posterior<\/span><\/a><\/div><div class='avia-slideshow-dots avia-slideshow-controls'><a href='#1' class='goto-slide active' >1<\/a><a href='#2' class='goto-slide ' >2<\/a><a href='#3' class='goto-slide ' >3<\/a><a href='#4' class='goto-slide ' >4<\/a><\/div><\/div><\/div>\n\n<style type=\"text\/css\" data-created_by=\"avia_inline_auto\" id=\"style-css-av-70227-7a50d034080d7fb64defe40edd77f798\">\n.avia-section.av-70227-7a50d034080d7fb64defe40edd77f798 .av-section-color-overlay{\nopacity:0.5;\nbackground-image:url(https:\/\/campanariodesanxoan.com\/wp-content\/themes\/enfold\/images\/background-images\/floral-dark.png);\nbackground-repeat:repeat;\n}\n<\/style>\n<div id='av_section_1'  class='avia-section av-70227-7a50d034080d7fb64defe40edd77f798 main_color avia-section-default avia-no-border-styling  avia-builder-el-1  el_after_av_slideshow_full  avia-builder-el-last  avia-bg-style-scroll av-section-color-overlay-active container_wrap fullsize'  ><div class=\"av-section-color-overlay-wrap\"><div class=\"av-section-color-overlay\"><\/div><div class='container av-section-cont-open' ><div class='template-page content  av-content-full alpha units'><div class='post-entry post-entry-type-page post-entry-983'><div class='entry-content-wrapper clearfix'>\n\n<style type=\"text\/css\" data-created_by=\"avia_inline_auto\" id=\"style-css-av-av_heading-51e8a1a8e8a42f9bea4300fc31767ab5\">\n#top .av-special-heading.av-av_heading-51e8a1a8e8a42f9bea4300fc31767ab5{\npadding-bottom:10px;\ncolor:#31653b;\n}\nbody .av-special-heading.av-av_heading-51e8a1a8e8a42f9bea4300fc31767ab5 .av-special-heading-tag .heading-char{\nfont-size:25px;\n}\n.av-special-heading.av-av_heading-51e8a1a8e8a42f9bea4300fc31767ab5 .special-heading-inner-border{\nborder-color:#31653b;\n}\n.av-special-heading.av-av_heading-51e8a1a8e8a42f9bea4300fc31767ab5 .av-subheading{\nfont-size:15px;\n}\n<\/style>\n<div  class='av-special-heading av-av_heading-51e8a1a8e8a42f9bea4300fc31767ab5 av-special-heading-h1 custom-color-heading  avia-builder-el-2  el_before_av_one_full  avia-builder-el-first  av-linked-heading'><h1 class='av-special-heading-tag '  itemprop=\"headline\"  >Agnus Dei<\/h1><div class=\"special-heading-border\"><div class=\"special-heading-inner-border\"><\/div><\/div><\/div>\n\n<style type=\"text\/css\" data-created_by=\"avia_inline_auto\" id=\"style-css-av-xma7b-ff7b623e57a45becb5cb1e66252f3b75\">\n.flex_column.av-xma7b-ff7b623e57a45becb5cb1e66252f3b75{\nborder-radius:0px 0px 0px 0px;\npadding:0px 0px 0px 0px;\n}\n<\/style>\n<div  class='flex_column av-xma7b-ff7b623e57a45becb5cb1e66252f3b75 av_one_full  avia-builder-el-3  el_after_av_heading  el_before_av_heading  first flex_column_div av-zero-column-padding  '     ><section  class='av_textblock_section av-juogu4dn-4e3ef250f4362efc604072960bf9cfb0 '   itemscope=\"itemscope\" itemtype=\"https:\/\/schema.org\/CreativeWork\" ><div class='avia_textblock'  itemprop=\"text\" ><p>En el\u00a0cristianismo,\u00a0<strong>Agnus Dei<\/strong> (traducido del\u00a0lat\u00edn,\u00a0Cordero de Dios) se refiere a\u00a0Jesucristo\u00a0como v\u00edctima ofrecida en sacrificio por los\u00a0pecados\u00a0de los hombres, a semejanza del cordero que era sacrificado y consumido por los\u00a0jud\u00edos\u00a0durante la conmemoraci\u00f3n anual de la\u00a0Pascua. Este t\u00edtulo le fue aplicado por el\u00a0profeta\u00a0san Juan Bautista durante el episodio del\u00a0bautismo de Jes\u00fas en el r\u00edo\u00a0Jord\u00e1n, seg\u00fan se relata en los\u00a0evangelios, con la exclamaci\u00f3n: \u201che aqu\u00ed el Cordero de Dios\u201d.<\/p>\n<p>El Agnus Dei aparece portando sobre una de sus patas o encima de su lomo una cruz como s\u00edmbolo de la resurrecci\u00f3n.<\/p>\n<\/div><\/section><\/div>\n<style type=\"text\/css\" data-created_by=\"avia_inline_auto\" id=\"style-css-av-av_heading-e7fdcf797ba132389b7796ef6f910d73\">\n#top .av-special-heading.av-av_heading-e7fdcf797ba132389b7796ef6f910d73{\npadding-bottom:10px;\ncolor:#31653b;\n}\nbody .av-special-heading.av-av_heading-e7fdcf797ba132389b7796ef6f910d73 .av-special-heading-tag .heading-char{\nfont-size:25px;\n}\n.av-special-heading.av-av_heading-e7fdcf797ba132389b7796ef6f910d73 .special-heading-inner-border{\nborder-color:#31653b;\n}\n.av-special-heading.av-av_heading-e7fdcf797ba132389b7796ef6f910d73 .av-subheading{\nfont-size:15px;\n}\n<\/style>\n<div  class='av-special-heading av-av_heading-e7fdcf797ba132389b7796ef6f910d73 av-special-heading-h2 custom-color-heading  avia-builder-el-5  el_after_av_one_full  el_before_av_one_full  av-linked-heading'><h2 class='av-special-heading-tag '  itemprop=\"headline\"  >Origen<\/h2><div class=\"special-heading-border\"><div class=\"special-heading-inner-border\"><\/div><\/div><\/div>\n\n<style type=\"text\/css\" data-created_by=\"avia_inline_auto\" id=\"style-css-av-ku32n-ea898aee7f2cec38de6aeaf646c98539\">\n.flex_column.av-ku32n-ea898aee7f2cec38de6aeaf646c98539{\nborder-radius:0px 0px 0px 0px;\npadding:0px 0px 0px 0px;\n}\n<\/style>\n<div  class='flex_column av-ku32n-ea898aee7f2cec38de6aeaf646c98539 av_one_full  avia-builder-el-6  el_after_av_heading  el_before_av_two_fifth  first flex_column_div av-zero-column-padding  '     ><section  class='av_textblock_section av-juohgvpb-9061ea2c5d0cfa480d0f0e587cff6e7e '   itemscope=\"itemscope\" itemtype=\"https:\/\/schema.org\/CreativeWork\" ><div class='avia_textblock'  itemprop=\"text\" ><p>El cordero es uno de los s\u00edmbolos cristol\u00f3gicos m\u00e1s habituales. En el arte paleocristiano, mientras que la cruz se consider\u00f3 un s\u00edmbolo deshonroso, el cordero aparece fundamentalmente como s\u00edmbolo del martirio y la muerte de Cristo, aunque en ocasiones representa tambi\u00e9n a los fieles cristianos que rodean la figura del Buen Pastor.<br \/>\nLa identificaci\u00f3n de Cristo con el cordero tiene su origen en varios textos b\u00edblicos, tanto del Antiguo como del Nuevo Testamento.<br \/>\nEn el Antiguo Testamento se instaura la fiesta\u00a0 de la pascua recordando el sacrificio del cordero que salv\u00f3 las casas de los jud\u00edos y a sus primog\u00e9nitos se\u00f1alando con sangre del animal los dinteles de las puertas en la \u00faltima plaga de Egipto, o el cordero que ofreci\u00f3 Abraham guiado por la mano del \u00e1ngel tras ofrecer a su hijo Isaac.<\/p>\n<\/div><\/section><\/div>\n<style type=\"text\/css\" data-created_by=\"avia_inline_auto\" id=\"style-css-av-y37rr-4ff6ed64cdeda3731d6aed99cdcb27b8\">\n.flex_column.av-y37rr-4ff6ed64cdeda3731d6aed99cdcb27b8{\nborder-radius:0px 0px 0px 0px;\npadding:0px 0px 0px 0px;\n}\n<\/style>\n<div  class='flex_column av-y37rr-4ff6ed64cdeda3731d6aed99cdcb27b8 av_two_fifth  avia-builder-el-8  el_after_av_one_full  el_before_av_three_fifth  first flex_column_div av-zero-column-padding  column-top-margin'     ><p>\n<style type=\"text\/css\" data-created_by=\"avia_inline_auto\" id=\"style-css-av-av_heading-c1cc0056844cadb65748691ae8c56526\">\n#top .av-special-heading.av-av_heading-c1cc0056844cadb65748691ae8c56526{\npadding-bottom:10px;\ncolor:#31653b;\n}\nbody .av-special-heading.av-av_heading-c1cc0056844cadb65748691ae8c56526 .av-special-heading-tag .heading-char{\nfont-size:25px;\n}\n.av-special-heading.av-av_heading-c1cc0056844cadb65748691ae8c56526 .special-heading-inner-border{\nborder-color:#31653b;\n}\n.av-special-heading.av-av_heading-c1cc0056844cadb65748691ae8c56526 .av-subheading{\nfont-size:15px;\n}\n<\/style>\n<div  class='av-special-heading av-av_heading-c1cc0056844cadb65748691ae8c56526 av-special-heading-h3 custom-color-heading  avia-builder-el-9  el_before_av_iconlist  avia-builder-el-first  av-linked-heading'><h3 class='av-special-heading-tag '  itemprop=\"headline\"  >Detalles del Agnus Dei<\/h3><div class=\"special-heading-border\"><div class=\"special-heading-inner-border\"><\/div><\/div><\/div><br \/>\n\n<style type=\"text\/css\" data-created_by=\"avia_inline_auto\" id=\"style-css-av-jvs16gbq-81951e4279edacc8e9874729dd936ab3\">\n#top .avia-icon-list-container.av-jvs16gbq-81951e4279edacc8e9874729dd936ab3 .iconlist_icon{\nbackground-color:#31653b;\n}\n#top #wrap_all .avia-icon-list-container.av-jvs16gbq-81951e4279edacc8e9874729dd936ab3 .av_iconlist_title{\ncolor:#31653b;\n}\n.avia-icon-list-container.av-jvs16gbq-81951e4279edacc8e9874729dd936ab3 .iconlist_content{\ncolor:#635b63;\n}\n<\/style>\n<div  class='avia-icon-list-container av-jvs16gbq-81951e4279edacc8e9874729dd936ab3  avia-builder-el-10  el_after_av_heading  avia-builder-el-last '><ul class='avia-icon-list avia_animate_when_almost_visible avia-icon-list-left av-iconlist-big av-jvs16gbq-81951e4279edacc8e9874729dd936ab3 avia-iconlist-animate'>\n<li><div class='iconlist_icon av-av_iconlist_item-5afa1fbf3fe49f0c66f18d3fcf2ee527 avia-font-entypo-fontello avia-iconfont avia-font-entypo-fontello'><span class='av-icon-char' data-av_icon='\ue863' data-av_iconfont='entypo-fontello' aria-hidden=\"true\"><\/span><\/div><article class=\"article-icon-entry \"  itemscope=\"itemscope\" itemtype=\"https:\/\/schema.org\/CreativeWork\" ><div class=\"iconlist_content_wrap\"><header class=\"entry-content-header\" aria-label=\"Icon: Siglo\"><h4 class='av_iconlist_title iconlist_title  av_inherit_color'  itemprop=\"headline\" >Siglo<\/h4><\/header><div class='iconlist_content av_inherit_color'  itemprop=\"text\" ><p>XI<\/p>\n<\/div><\/div><footer class=\"entry-footer\"><\/footer><\/article><div class=\"iconlist-timeline\"><\/div><\/li>\n<li><div class='iconlist_icon av-7tmf-9998fce508d469e52d24d07784bce1d6 avia-font-entypo-fontello avia-iconfont avia-font-entypo-fontello'><span class='av-icon-char' data-av_icon='\ue88b' data-av_iconfont='entypo-fontello' aria-hidden=\"true\"><\/span><\/div><article class=\"article-icon-entry \"  itemscope=\"itemscope\" itemtype=\"https:\/\/schema.org\/CreativeWork\" ><div class=\"iconlist_content_wrap\"><header class=\"entry-content-header\" aria-label=\"Icon: Largo\"><h4 class='av_iconlist_title iconlist_title  av_inherit_color'  itemprop=\"headline\" >Largo<\/h4><\/header><div class='iconlist_content av_inherit_color'  itemprop=\"text\" ><p>80 cm<\/p>\n<\/div><\/div><footer class=\"entry-footer\"><\/footer><\/article><div class=\"iconlist-timeline\"><\/div><\/li>\n<li><div class='iconlist_icon av-fq88v-d06edf0e075a07dadc4772e80c375617 avia-font-entypo-fontello avia-iconfont avia-font-entypo-fontello'><span class='av-icon-char' data-av_icon='\ue896' data-av_iconfont='entypo-fontello' aria-hidden=\"true\"><\/span><\/div><article class=\"article-icon-entry \"  itemscope=\"itemscope\" itemtype=\"https:\/\/schema.org\/CreativeWork\" ><div class=\"iconlist_content_wrap\"><header class=\"entry-content-header\" aria-label=\"Icon: Ancho\"><h4 class='av_iconlist_title iconlist_title  av_inherit_color'  itemprop=\"headline\" >Ancho<\/h4><\/header><div class='iconlist_content av_inherit_color'  itemprop=\"text\" ><p>40 cm<\/p>\n<\/div><\/div><footer class=\"entry-footer\"><\/footer><\/article><div class=\"iconlist-timeline\"><\/div><\/li>\n<li><div class='iconlist_icon av-7yxgn-2b928b58239cfdc513cf673604d78f25 avia-font-entypo-fontello avia-iconfont avia-font-entypo-fontello'><span class='av-icon-char' data-av_icon='\ue896' data-av_iconfont='entypo-fontello' aria-hidden=\"true\"><\/span><\/div><article class=\"article-icon-entry \"  itemscope=\"itemscope\" itemtype=\"https:\/\/schema.org\/CreativeWork\" ><div class=\"iconlist_content_wrap\"><header class=\"entry-content-header\" aria-label=\"Icon: Alto\"><h4 class='av_iconlist_title iconlist_title  av_inherit_color'  itemprop=\"headline\" >Alto<\/h4><\/header><div class='iconlist_content av_inherit_color'  itemprop=\"text\" ><p>50 cm<\/p>\n<\/div><\/div><footer class=\"entry-footer\"><\/footer><\/article><div class=\"iconlist-timeline\"><\/div><\/li>\n<\/ul><\/div><\/p><\/div>\n<style type=\"text\/css\" data-created_by=\"avia_inline_auto\" id=\"style-css-av-av15b-8f979da9adcf7e210da473ffe6a39cc7\">\n.flex_column.av-av15b-8f979da9adcf7e210da473ffe6a39cc7{\nborder-radius:0px 0px 0px 0px;\npadding:0px 0px 0px 0px;\n}\n<\/style>\n<div  class='flex_column av-av15b-8f979da9adcf7e210da473ffe6a39cc7 av_three_fifth  avia-builder-el-11  el_after_av_two_fifth  avia-builder-el-last  flex_column_div av-zero-column-padding  column-top-margin'     ><style type=\"text\/css\" data-created_by=\"avia_inline_auto\" id=\"style-css-av-jvs18p1c-887f2065d13fe319c50096f6c385f035\">\n.avia-image-container.av-jvs18p1c-887f2065d13fe319c50096f6c385f035 img.avia_image{\nbox-shadow:none;\n}\n.avia-image-container.av-jvs18p1c-887f2065d13fe319c50096f6c385f035 .av-image-caption-overlay-center{\ncolor:#ffffff;\n}\n<\/style>\n<div  class='avia-image-container av-jvs18p1c-887f2065d13fe319c50096f6c385f035 av-styling- av-hover-grow avia-align-center  avia-builder-el-12  avia-builder-el-no-sibling '   itemprop=\"image\" itemscope=\"itemscope\" itemtype=\"https:\/\/schema.org\/ImageObject\" ><div class=\"avia-image-container-inner\"><div class=\"avia-image-overlay-wrap\"><img decoding=\"async\" fetchpriority=\"high\" class='wp-image-1767 avia-img-lazy-loading-not-1767 avia_image ' src=\"https:\/\/campanariodesanxoan.com\/wp-content\/uploads\/2020\/08\/agnusdei03-845x684.jpg\" alt='Agnus Dei' title='Agnus Dei'  height=\"684\" width=\"845\"  itemprop=\"thumbnailUrl\" srcset=\"https:\/\/campanariodesanxoan.com\/wp-content\/uploads\/2020\/08\/agnusdei03-845x684.jpg 845w, https:\/\/campanariodesanxoan.com\/wp-content\/uploads\/2020\/08\/agnusdei03-495x400.jpg 495w\" sizes=\"(max-width: 845px) 100vw, 845px\" \/><\/div><\/div><\/div><\/div>\n","protected":false},"excerpt":{"rendered":"","protected":false},"author":2,"featured_media":0,"parent":0,"menu_order":0,"comment_status":"closed","ping_status":"closed","template":"","meta":{"footnotes":""},"class_list":["post-983","page","type-page","status-publish","hentry"],"_links":{"self":[{"href":"https:\/\/campanariodesanxoan.com\/index.php\/wp-json\/wp\/v2\/pages\/983","targetHints":{"allow":["GET"]}}],"collection":[{"href":"https:\/\/campanariodesanxoan.com\/index.php\/wp-json\/wp\/v2\/pages"}],"about":[{"href":"https:\/\/campanariodesanxoan.com\/index.php\/wp-json\/wp\/v2\/types\/page"}],"author":[{"embeddable":true,"href":"https:\/\/campanariodesanxoan.com\/index.php\/wp-json\/wp\/v2\/users\/2"}],"replies":[{"embeddable":true,"href":"https:\/\/campanariodesanxoan.com\/index.php\/wp-json\/wp\/v2\/comments?post=983"}],"version-history":[{"count":0,"href":"https:\/\/campanariodesanxoan.com\/index.php\/wp-json\/wp\/v2\/pages\/983\/revisions"}],"wp:attachment":[{"href":"https:\/\/campanariodesanxoan.com\/index.php\/wp-json\/wp\/v2\/media?parent=983"}],"curies":[{"name":"wp","href":"https:\/\/api.w.org\/{rel}","templated":true}]}}